{"id":43028,"date":"2023-11-01T21:23:11","date_gmt":"2023-11-01T19:23:11","guid":{"rendered":"https:\/\/www.radiomarket.fi\/?post_type=product&#038;p=43028"},"modified":"2025-07-04T10:58:09","modified_gmt":"2025-07-04T07:58:09","slug":"ekub0517-power-macintosch-g3-tarvikkeineen","status":"publish","type":"product","link":"https:\/\/www.radiomarket.fi\/en\/kohde\/ekub0517-power-macintosch-g3-tarvikkeineen\/","title":{"rendered":"EKUB0517 Power Macintosch G3 + hiiri + n\u00e4ppis (EKUM)"},"content":{"rendered":"<p>K\u00e4yt\u00f6st\u00e4 vuosia sitten j\u00e4\u00e4nyt graafikon ammattikone. Sis\u00e4iset CD-asema, Zip-asema ja 3,5&#8243; levykeasema. Apple II-hiiri ja -n\u00e4pp\u00e4imist\u00f6 M2980 mukana. N\u00e4pp\u00e4imist\u00f6ss\u00e4 mallivuosi 1998.<\/p>","protected":false},"excerpt":{"rendered":"<p>K\u00e4yt\u00f6st\u00e4 vuosia sitten j\u00e4\u00e4nyt graafikon ammattikone. Sis\u00e4iset CD-asema, Zip-asema ja 3,5&#8243; levykeasema. Apple II-hiiri ja -n\u00e4pp\u00e4imist\u00f6 M2980 mukana. N\u00e4pp\u00e4imist\u00f6ss\u00e4 mallivuosi 1998.<\/p>","protected":false},"featured_media":43118,"template":"","meta":[],"_links":{"self":[{"href":"https:\/\/www.radiomarket.fi\/en\/wp-json\/wp\/v2\/product\/43028"}],"collection":[{"href":"https:\/\/www.radiomarket.fi\/en\/wp-json\/wp\/v2\/product"}],"about":[{"href":"https:\/\/www.radiomarket.fi\/en\/wp-json\/wp\/v2\/types\/product"}],"wp:featuredmedia":[{"embeddable":true,"href":"https:\/\/www.radiomarket.fi\/en\/wp-json\/wp\/v2\/media\/43118"}],"wp:attachment":[{"href":"https:\/\/www.radiomarket.fi\/en\/wp-json\/wp\/v2\/media?parent=43028"}],"curies":[{"name":"wp","href":"https:\/\/api.w.org\/{rel}","templated":true}]}}