{"id":43069,"date":"2023-11-05T01:23:33","date_gmt":"2023-11-04T23:23:33","guid":{"rendered":"https:\/\/www.radiomarket.fi\/?post_type=product&#038;p=43069"},"modified":"2025-09-21T19:01:39","modified_gmt":"2025-09-21T16:01:39","slug":"ekub0523-lv301-lv302-akkulaatikko-tulossa","status":"publish","type":"product","link":"https:\/\/www.radiomarket.fi\/en\/kohde\/ekub0523-lv301-lv302-akkulaatikko-tulossa\/","title":{"rendered":"EKUB0523 Ericsson LV301\/LV302 akkulaatikko"},"content":{"rendered":"Lis\u00e4tty kolo ulkopuoliselle johdolle, n\u00e4kyy kuvassa nuolella merkittyn\u00e4. Kannessa painuma.","protected":false},"excerpt":{"rendered":"<p>Lis\u00e4tty kolo ulkopuoliselle johdolle, n\u00e4kyy kuvassa nuolella merkittyn\u00e4. Kannessa painuma.<\/p>","protected":false},"featured_media":43191,"template":"","meta":[],"_links":{"self":[{"href":"https:\/\/www.radiomarket.fi\/en\/wp-json\/wp\/v2\/product\/43069"}],"collection":[{"href":"https:\/\/www.radiomarket.fi\/en\/wp-json\/wp\/v2\/product"}],"about":[{"href":"https:\/\/www.radiomarket.fi\/en\/wp-json\/wp\/v2\/types\/product"}],"wp:featuredmedia":[{"embeddable":true,"href":"https:\/\/www.radiomarket.fi\/en\/wp-json\/wp\/v2\/media\/43191"}],"wp:attachment":[{"href":"https:\/\/www.radiomarket.fi\/en\/wp-json\/wp\/v2\/media?parent=43069"}],"curies":[{"name":"wp","href":"https:\/\/api.w.org\/{rel}","templated":true}]}}