{"id":43102,"date":"2023-11-03T13:47:34","date_gmt":"2023-11-03T11:47:34","guid":{"rendered":"https:\/\/www.radiomarket.fi\/?post_type=product&#038;p=43102"},"modified":"2023-11-03T14:07:17","modified_gmt":"2023-11-03T12:07:17","slug":"ekum3049-garmin-gps72","status":"publish","type":"product","link":"https:\/\/www.radiomarket.fi\/en\/kohde\/ekum3049-garmin-gps72\/","title":{"rendered":"EKUM3049 Garmin GPS72"},"content":{"rendered":"<p>Garmin GPS72 navigaattori, mustavalkon\u00e4ytt\u00f6, paristokotelo sy\u00f6pynyt, toimii ulkoisella virtal\u00e4hteell\u00e4. Edell\u00e4mainitut tiedot suoraan lahjoittajalta, ei testattu meill\u00e4.<\/p>","protected":false},"excerpt":{"rendered":"<p>Garmin GPS72 navigaattori, mustavalkon\u00e4ytt\u00f6, paristokotelo sy\u00f6pynyt, toimii ulkoisella virtal\u00e4hteell\u00e4. Edell\u00e4mainitut tiedot suoraan lahjoittajalta, ei testattu meill\u00e4.<\/p>","protected":false},"featured_media":43105,"template":"","meta":[],"_links":{"self":[{"href":"https:\/\/www.radiomarket.fi\/en\/wp-json\/wp\/v2\/product\/43102"}],"collection":[{"href":"https:\/\/www.radiomarket.fi\/en\/wp-json\/wp\/v2\/product"}],"about":[{"href":"https:\/\/www.radiomarket.fi\/en\/wp-json\/wp\/v2\/types\/product"}],"wp:featuredmedia":[{"embeddable":true,"href":"https:\/\/www.radiomarket.fi\/en\/wp-json\/wp\/v2\/media\/43105"}],"wp:attachment":[{"href":"https:\/\/www.radiomarket.fi\/en\/wp-json\/wp\/v2\/media?parent=43102"}],"curies":[{"name":"wp","href":"https:\/\/api.w.org\/{rel}","templated":true}]}}