{"id":43159,"date":"2023-11-04T16:21:28","date_gmt":"2023-11-04T14:21:28","guid":{"rendered":"https:\/\/www.radiomarket.fi\/?post_type=product&#038;p=43159"},"modified":"2023-11-04T16:25:43","modified_gmt":"2023-11-04T14:25:43","slug":"ekus0324-helkama-putkiradion-jalka","status":"publish","type":"product","link":"https:\/\/www.radiomarket.fi\/en\/kohde\/ekus0324-helkama-putkiradion-jalka\/","title":{"rendered":"EKUS0324 Helkama putkiradion jalka"},"content":{"rendered":"Ehyt jalka, luultavasti mallista HR7920 mutta sopii muihinkin aikakauden Helkama-radioihin. Myyd\u00e4\u00e4n yksitt\u00e4in.","protected":false},"excerpt":{"rendered":"<p>Ehyt jalka, luultavasti mallista HR7920 mutta sopii muihinkin aikakauden Helkama-radioihin. Myyd\u00e4\u00e4n yksitt\u00e4in.<\/p>","protected":false},"featured_media":43160,"template":"","meta":[],"_links":{"self":[{"href":"https:\/\/www.radiomarket.fi\/en\/wp-json\/wp\/v2\/product\/43159"}],"collection":[{"href":"https:\/\/www.radiomarket.fi\/en\/wp-json\/wp\/v2\/product"}],"about":[{"href":"https:\/\/www.radiomarket.fi\/en\/wp-json\/wp\/v2\/types\/product"}],"wp:featuredmedia":[{"embeddable":true,"href":"https:\/\/www.radiomarket.fi\/en\/wp-json\/wp\/v2\/media\/43160"}],"wp:attachment":[{"href":"https:\/\/www.radiomarket.fi\/en\/wp-json\/wp\/v2\/media?parent=43159"}],"curies":[{"name":"wp","href":"https:\/\/api.w.org\/{rel}","templated":true}]}}