{"id":43162,"date":"2023-11-04T16:25:53","date_gmt":"2023-11-04T14:25:53","guid":{"rendered":"https:\/\/www.radiomarket.fi\/?post_type=product&#038;p=43162"},"modified":"2025-11-25T16:23:40","modified_gmt":"2025-11-25T14:23:40","slug":"ekus0325-luxor-ambassador","status":"publish","type":"product","link":"https:\/\/www.radiomarket.fi\/en\/kohde\/ekus0325-luxor-ambassador\/","title":{"rendered":"EKUS0325 Luxor Ambassad\u00f6r osia"},"content":{"rendered":"<p>Luxor Ambassad\u00f6r kaiutinkankaat tukilevyineen sek\u00e4 radion pohjalevy. Tupakoimaton. Tiedustele mahdollisuutta ostaa osia yksitt\u00e4in ellet tarvitse kaikkia. Luxor Ambassad\u00f6r varaosat.<br \/><br \/>Katso EKUM3554<br \/>EKUM3555<br \/>EKUM3556<\/p>","protected":false},"excerpt":{"rendered":"<p>Luxor Ambassad\u00f6r kaiutinkankaat tukilevyineen sek\u00e4 radion pohjalevy. Tupakoimaton. Tiedustele mahdollisuutta ostaa osia yksitt\u00e4in ellet tarvitse kaikkia. Luxor Ambassad\u00f6r varaosat.Katso EKUM3554EKUM3555EKUM3556<\/p>","protected":false},"featured_media":43163,"template":"","meta":[],"_links":{"self":[{"href":"https:\/\/www.radiomarket.fi\/en\/wp-json\/wp\/v2\/product\/43162"}],"collection":[{"href":"https:\/\/www.radiomarket.fi\/en\/wp-json\/wp\/v2\/product"}],"about":[{"href":"https:\/\/www.radiomarket.fi\/en\/wp-json\/wp\/v2\/types\/product"}],"wp:featuredmedia":[{"embeddable":true,"href":"https:\/\/www.radiomarket.fi\/en\/wp-json\/wp\/v2\/media\/43163"}],"wp:attachment":[{"href":"https:\/\/www.radiomarket.fi\/en\/wp-json\/wp\/v2\/media?parent=43162"}],"curies":[{"name":"wp","href":"https:\/\/api.w.org\/{rel}","templated":true}]}}