{"id":43196,"date":"2023-11-05T17:37:30","date_gmt":"2023-11-05T15:37:30","guid":{"rendered":"https:\/\/www.radiomarket.fi\/?post_type=product&#038;p=43196"},"modified":"2024-02-04T14:16:31","modified_gmt":"2024-02-04T12:16:31","slug":"ekun0114-skoda-felicia-virtalukon-pohjan-osia","status":"publish","type":"product","link":"https:\/\/www.radiomarket.fi\/en\/kohde\/ekun0114-skoda-felicia-virtalukon-pohjan-osia\/","title":{"rendered":"EKUN0114 Skoda Felicia virtalukon pohjan osia"},"content":{"rendered":"<p>Huom! N\u00e4ist\u00e4 ei saa rakennettua yht\u00e4 kokonaista toimivaa pohjaa.<br \/><br \/>Valkoinen osa (yl\u00e4rivill\u00e4 ensimm\u00e4inen oikealla) purettu uudesta virtalukon pohjasta (AIC Germany). T\u00e4ss\u00e4 on luultavasti jotain kontaktivikaa, vanhasta Skodan alkuper\u00e4isest\u00e4 virtalukon pohjasta otetulla valkoisella osalla kokonaisuus toimii. <br \/><br \/>Palautusjousi (alarivin vasemmanpuolisin) katkennut. Muut osat luultavasti toimivia ja k\u00e4ytt\u00f6kelposia. Mustaan osaan (keskirivi, ensimm\u00e4inen vasemmalta) kuuluu kolme isompaa jousta ja kolme pienemp\u00e4\u00e4 jousta, mutta pienist\u00e4 jousista kaksi purkaessa h\u00e4vinnyt.<br \/><br \/><\/p><p>OE 6U0 905 851B \u2014 SKODA \/ VAG<br \/>AIC 53349<br \/>VIKA 99050035701<\/p>","protected":false},"excerpt":{"rendered":"<p>Huom! N\u00e4ist\u00e4 ei saa rakennettua yht\u00e4 kokonaista toimivaa pohjaa.Valkoinen osa (yl\u00e4rivill\u00e4 ensimm\u00e4inen oikealla) purettu uudesta virtalukon pohjasta (AIC Germany). T\u00e4ss\u00e4 on luultavasti jotain kontaktivikaa, vanhasta Skodan alkuper\u00e4isest\u00e4 virtalukon pohjasta otetulla valkoisella osalla kokonaisuus toimii. Palautusjousi (alarivin vasemmanpuolisin) katkennut. Muut osat luultavasti toimivia ja k\u00e4ytt\u00f6kelposia. Mustaan osaan (keskirivi, ensimm\u00e4inen vasemmalta) kuuluu kolme isompaa jousta ja kolme &hellip;<\/p>\n<p class=\"read-more\"> <a class=\"thunk-readmore button\" href=\"https:\/\/www.radiomarket.fi\/en\/kohde\/ekun0114-skoda-felicia-virtalukon-pohjan-osia\/\"> <span class=\"screen-reader-text\">EKUN0114 Skoda Felicia virtalukon pohjan osia<\/span>Read More<\/a><\/p>","protected":false},"featured_media":43376,"template":"","meta":[],"_links":{"self":[{"href":"https:\/\/www.radiomarket.fi\/en\/wp-json\/wp\/v2\/product\/43196"}],"collection":[{"href":"https:\/\/www.radiomarket.fi\/en\/wp-json\/wp\/v2\/product"}],"about":[{"href":"https:\/\/www.radiomarket.fi\/en\/wp-json\/wp\/v2\/types\/product"}],"wp:featuredmedia":[{"embeddable":true,"href":"https:\/\/www.radiomarket.fi\/en\/wp-json\/wp\/v2\/media\/43376"}],"wp:attachment":[{"href":"https:\/\/www.radiomarket.fi\/en\/wp-json\/wp\/v2\/media?parent=43196"}],"curies":[{"name":"wp","href":"https:\/\/api.w.org\/{rel}","templated":true}]}}