{"id":43197,"date":"2023-11-05T21:04:24","date_gmt":"2023-11-05T19:04:24","guid":{"rendered":"https:\/\/www.radiomarket.fi\/?post_type=product&#038;p=43197"},"modified":"2023-11-05T22:05:19","modified_gmt":"2023-11-05T20:05:19","slug":"ekus0326","status":"publish","type":"product","link":"https:\/\/www.radiomarket.fi\/en\/kohde\/ekus0326\/","title":{"rendered":"EKUS0326 punainen merkkivalolinssi"},"content":{"rendered":"K\u00e4ytettyj\u00e4 ja k\u00e4ytt\u00e4m\u00e4tt\u00f6mi\u00e4 virtakytkinlinssej\u00e4.","protected":false},"excerpt":{"rendered":"<p>Kirjetoimitustuotteita kannattaa tilata samalla useampikin, yksi lis\u00e4tuote korottaa rahtimaksua vain kymmenell\u00e4 sentill\u00e4 (11\/23)<\/p>","protected":false},"featured_media":43200,"template":"","meta":[],"_links":{"self":[{"href":"https:\/\/www.radiomarket.fi\/en\/wp-json\/wp\/v2\/product\/43197"}],"collection":[{"href":"https:\/\/www.radiomarket.fi\/en\/wp-json\/wp\/v2\/product"}],"about":[{"href":"https:\/\/www.radiomarket.fi\/en\/wp-json\/wp\/v2\/types\/product"}],"wp:featuredmedia":[{"embeddable":true,"href":"https:\/\/www.radiomarket.fi\/en\/wp-json\/wp\/v2\/media\/43200"}],"wp:attachment":[{"href":"https:\/\/www.radiomarket.fi\/en\/wp-json\/wp\/v2\/media?parent=43197"}],"curies":[{"name":"wp","href":"https:\/\/api.w.org\/{rel}","templated":true}]}}