{"id":43203,"date":"2023-11-05T21:16:20","date_gmt":"2023-11-05T19:16:20","guid":{"rendered":"https:\/\/www.radiomarket.fi\/?post_type=product&#038;p=43203"},"modified":"2023-11-08T11:01:42","modified_gmt":"2023-11-08T09:01:42","slug":"ekus0327-dke38-asteikkolevy","status":"publish","type":"product","link":"https:\/\/www.radiomarket.fi\/en\/kohde\/ekus0327-dke38-asteikkolevy\/","title":{"rendered":"EKUS0327 DKE38 asteikkolevy"},"content":{"rendered":"<p>Hyv\u00e4kuntoinen Pikku-Hitlerin asteikkolevy.<\/p>","protected":false},"excerpt":{"rendered":"<p>Kirjetoimitustuotteita kannattaa tilata samalla useampikin, yksi lis\u00e4tuote korottaa rahtimaksua vain kymmenell\u00e4 sentill\u00e4 (11\/23)<\/p>","protected":false},"featured_media":43204,"template":"","meta":[],"_links":{"self":[{"href":"https:\/\/www.radiomarket.fi\/en\/wp-json\/wp\/v2\/product\/43203"}],"collection":[{"href":"https:\/\/www.radiomarket.fi\/en\/wp-json\/wp\/v2\/product"}],"about":[{"href":"https:\/\/www.radiomarket.fi\/en\/wp-json\/wp\/v2\/types\/product"}],"wp:featuredmedia":[{"embeddable":true,"href":"https:\/\/www.radiomarket.fi\/en\/wp-json\/wp\/v2\/media\/43204"}],"wp:attachment":[{"href":"https:\/\/www.radiomarket.fi\/en\/wp-json\/wp\/v2\/media?parent=43203"}],"curies":[{"name":"wp","href":"https:\/\/api.w.org\/{rel}","templated":true}]}}