{"id":43216,"date":"2023-11-05T21:49:10","date_gmt":"2023-11-05T19:49:10","guid":{"rendered":"https:\/\/www.radiomarket.fi\/?post_type=product&#038;p=43216"},"modified":"2023-11-08T11:03:59","modified_gmt":"2023-11-08T09:03:59","slug":"ekus0331-pioneer-cu-pd048-cd-remote","status":"publish","type":"product","link":"https:\/\/www.radiomarket.fi\/en\/kohde\/ekus0331-pioneer-cu-pd048-cd-remote\/","title":{"rendered":"EKUS0331 Pioneer CU-PD048 CD-remote"},"content":{"rendered":"<p>Pioneer CD-soittimen kaukos\u00e4\u00e4din. Testattu muutaman napin satunnaisotannalla toimivaksi.<\/p>","protected":false},"excerpt":{"rendered":"<p>Kirjetoimitustuotteita kannattaa tilata samalla useampikin, yksi lis\u00e4tuote korottaa rahtimaksua vain kymmenell\u00e4 sentill\u00e4 (11\/23)<\/p>","protected":false},"featured_media":43218,"template":"","meta":[],"_links":{"self":[{"href":"https:\/\/www.radiomarket.fi\/en\/wp-json\/wp\/v2\/product\/43216"}],"collection":[{"href":"https:\/\/www.radiomarket.fi\/en\/wp-json\/wp\/v2\/product"}],"about":[{"href":"https:\/\/www.radiomarket.fi\/en\/wp-json\/wp\/v2\/types\/product"}],"wp:featuredmedia":[{"embeddable":true,"href":"https:\/\/www.radiomarket.fi\/en\/wp-json\/wp\/v2\/media\/43218"}],"wp:attachment":[{"href":"https:\/\/www.radiomarket.fi\/en\/wp-json\/wp\/v2\/media?parent=43216"}],"curies":[{"name":"wp","href":"https:\/\/api.w.org\/{rel}","templated":true}]}}