{"id":43225,"date":"2023-11-07T14:14:49","date_gmt":"2023-11-07T12:14:49","guid":{"rendered":"https:\/\/www.radiomarket.fi\/?post_type=product&#038;p=43225"},"modified":"2023-11-07T21:39:30","modified_gmt":"2023-11-07T19:39:30","slug":"ekub0524-telefax-lampopaperi-21-cm-levea","status":"publish","type":"product","link":"https:\/\/www.radiomarket.fi\/en\/kohde\/ekub0524-telefax-lampopaperi-21-cm-levea\/","title":{"rendered":"EKUB0530 Telefax l\u00e4mp\u00f6paperi 21 cm leve\u00e4"},"content":{"rendered":"Vakioleveys A4-arkille. Rullan halkaisija 5 cm. Hylsyn sis\u00e4halkaisija n. 10 mm. Merkki Esselte.","protected":false},"excerpt":{"rendered":"<p>Vakioleveys A4-arkille. Rullan halkaisija 5 cm. Hylsyn sis\u00e4halkaisija n. 10 mm. Merkki Esselte.<\/p>","protected":false},"featured_media":43235,"template":"","meta":[],"_links":{"self":[{"href":"https:\/\/www.radiomarket.fi\/en\/wp-json\/wp\/v2\/product\/43225"}],"collection":[{"href":"https:\/\/www.radiomarket.fi\/en\/wp-json\/wp\/v2\/product"}],"about":[{"href":"https:\/\/www.radiomarket.fi\/en\/wp-json\/wp\/v2\/types\/product"}],"wp:featuredmedia":[{"embeddable":true,"href":"https:\/\/www.radiomarket.fi\/en\/wp-json\/wp\/v2\/media\/43235"}],"wp:attachment":[{"href":"https:\/\/www.radiomarket.fi\/en\/wp-json\/wp\/v2\/media?parent=43225"}],"curies":[{"name":"wp","href":"https:\/\/api.w.org\/{rel}","templated":true}]}}