{"id":43226,"date":"2023-11-07T14:23:35","date_gmt":"2023-11-07T12:23:35","guid":{"rendered":"https:\/\/www.radiomarket.fi\/?post_type=product&#038;p=43226"},"modified":"2023-11-07T21:40:04","modified_gmt":"2023-11-07T19:40:04","slug":"ekub0525-telefax-lampopaperi-21-cm-levea","status":"publish","type":"product","link":"https:\/\/www.radiomarket.fi\/en\/kohde\/ekub0525-telefax-lampopaperi-21-cm-levea\/","title":{"rendered":"EKUB0531 Telefax l\u00e4mp\u00f6paperi 21 cm leve\u00e4"},"content":{"rendered":"Vakioleveys A4-arkille. Rullan halkaisija 3 cm, toimitus kirjepostina kotiin. Hylsyn sis\u00e4halkaisija n. 10 mm.","protected":false},"excerpt":{"rendered":"<p>Vakioleveys A4-arkille. Rullan halkaisija 3 cm, toimitus kirjepostina kotiin. Hylsyn sis\u00e4halkaisija n. 10 mm.<\/p>","protected":false},"featured_media":43236,"template":"","meta":[],"_links":{"self":[{"href":"https:\/\/www.radiomarket.fi\/en\/wp-json\/wp\/v2\/product\/43226"}],"collection":[{"href":"https:\/\/www.radiomarket.fi\/en\/wp-json\/wp\/v2\/product"}],"about":[{"href":"https:\/\/www.radiomarket.fi\/en\/wp-json\/wp\/v2\/types\/product"}],"wp:featuredmedia":[{"embeddable":true,"href":"https:\/\/www.radiomarket.fi\/en\/wp-json\/wp\/v2\/media\/43236"}],"wp:attachment":[{"href":"https:\/\/www.radiomarket.fi\/en\/wp-json\/wp\/v2\/media?parent=43226"}],"curies":[{"name":"wp","href":"https:\/\/api.w.org\/{rel}","templated":true}]}}