{"id":43250,"date":"2023-11-07T22:10:05","date_gmt":"2023-11-07T20:10:05","guid":{"rendered":"https:\/\/www.radiomarket.fi\/?post_type=product&#038;p=43250"},"modified":"2023-11-08T14:14:32","modified_gmt":"2023-11-08T12:14:32","slug":"ekub0536-punainen-kalenteri-1926","status":"publish","type":"product","link":"https:\/\/www.radiomarket.fi\/en\/kohde\/ekub0536-punainen-kalenteri-1926\/","title":{"rendered":"EKUB0536 Punainen kalenteri 1926"},"content":{"rendered":"Muutama lyijykyn\u00e4merkint\u00e4, mm. kansissa. Ei repe\u00e4mi\u00e4, kaikki sivut (192 sivua) tallessa. Kansissa likaisten ty\u00f6miehen kourien patinaa. Kalenteri kertoo kansandemokratian autuudesta, punavankien voimantunnosta ja mm. vastaa kysymykseen, miksi Otto-Ville Kuusisesta ei tullutkaan Suomen presidentti\u00e4 vuonna 1925.","protected":false},"excerpt":{"rendered":"<p>Kirjetoimitustuotteita kannattaa tilata samalla useampikin, yksi lis\u00e4tuote korottaa rahtimaksua vain kymmenell\u00e4 sentill\u00e4 (11\/23)<\/p>","protected":false},"featured_media":43251,"template":"","meta":[],"_links":{"self":[{"href":"https:\/\/www.radiomarket.fi\/en\/wp-json\/wp\/v2\/product\/43250"}],"collection":[{"href":"https:\/\/www.radiomarket.fi\/en\/wp-json\/wp\/v2\/product"}],"about":[{"href":"https:\/\/www.radiomarket.fi\/en\/wp-json\/wp\/v2\/types\/product"}],"wp:featuredmedia":[{"embeddable":true,"href":"https:\/\/www.radiomarket.fi\/en\/wp-json\/wp\/v2\/media\/43251"}],"wp:attachment":[{"href":"https:\/\/www.radiomarket.fi\/en\/wp-json\/wp\/v2\/media?parent=43250"}],"curies":[{"name":"wp","href":"https:\/\/api.w.org\/{rel}","templated":true}]}}