{"id":43265,"date":"2023-11-08T18:42:42","date_gmt":"2023-11-08T16:42:42","guid":{"rendered":"https:\/\/www.radiomarket.fi\/?post_type=product&#038;p=43265"},"modified":"2023-11-09T21:06:33","modified_gmt":"2023-11-09T19:06:33","slug":"ekub0537-kaasunaamari-m-36-kerailyyn","status":"publish","type":"product","link":"https:\/\/www.radiomarket.fi\/en\/kohde\/ekub0537-kaasunaamari-m-36-kerailyyn\/","title":{"rendered":"EKUB0537 kaasunaamari M\/36 ker\u00e4ilyyn"},"content":{"rendered":"K\u00e4ytt\u00e4m\u00e4t\u00f6n ruotsalaisvalmisteinen kaasunaamari suojakoteloineen. T\u00e4ss\u00e4 on linssisuojapaperit edelleen paikallaan ja suodatinpatruuna mukana. Paperipussissa mahdollisesti varatiivisteet, emme avanneet pussia ettei totuus katoaisi. Kotelo on pahvipuristetta ja siten kovin hauras, mutta my\u00f6s helposti liimalla korjattavissa. T\u00e4t\u00e4 mallia tuli Suomeen sota-aikana tuhansittain sek\u00e4 rintamalle ett\u00e4 VSS-k\u00e4ytt\u00f6\u00f6n. K\u00e4ytt\u00f6ohje on painettu Ystadissa 1939. Suodatinpatruunan sis\u00e4lt\u00f6 on tuntematonta ja tuntemattomassa kunnossa, joten kiell\u00e4mme sen l\u00e4pi hengitt\u00e4misen. Suodatin EI ole LELU!","protected":false},"excerpt":{"rendered":"<p>K\u00e4ytt\u00e4m\u00e4t\u00f6n ruotsalaisvalmisteinen kaasunaamari suojakoteloineen. T\u00e4ss\u00e4 on linssisuojapaperit edelleen paikallaan ja suodatinpatruuna mukana. Paperipussissa mahdollisesti varatiivisteet, emme avanneet pussia ettei totuus katoaisi. Kotelo on pahvipuristetta ja siten kovin hauras, mutta my\u00f6s helposti liimalla korjattavissa. T\u00e4t\u00e4 mallia tuli Suomeen sota-aikana tuhansittain sek\u00e4 rintamalle ett\u00e4 VSS-k\u00e4ytt\u00f6\u00f6n. K\u00e4ytt\u00f6ohje on painettu Ystadissa 1939. Suodatinpatruunan sis\u00e4lt\u00f6 on tuntematonta ja tuntemattomassa kunnossa, &hellip;<\/p>\n<p class=\"read-more\"> <a class=\"thunk-readmore button\" href=\"https:\/\/www.radiomarket.fi\/en\/kohde\/ekub0537-kaasunaamari-m-36-kerailyyn\/\"> <span class=\"screen-reader-text\">EKUB0537 kaasunaamari M\/36 ker\u00e4ilyyn<\/span>Read More<\/a><\/p>","protected":false},"featured_media":43286,"template":"","meta":[],"_links":{"self":[{"href":"https:\/\/www.radiomarket.fi\/en\/wp-json\/wp\/v2\/product\/43265"}],"collection":[{"href":"https:\/\/www.radiomarket.fi\/en\/wp-json\/wp\/v2\/product"}],"about":[{"href":"https:\/\/www.radiomarket.fi\/en\/wp-json\/wp\/v2\/types\/product"}],"wp:featuredmedia":[{"embeddable":true,"href":"https:\/\/www.radiomarket.fi\/en\/wp-json\/wp\/v2\/media\/43286"}],"wp:attachment":[{"href":"https:\/\/www.radiomarket.fi\/en\/wp-json\/wp\/v2\/media?parent=43265"}],"curies":[{"name":"wp","href":"https:\/\/api.w.org\/{rel}","templated":true}]}}