{"id":43307,"date":"2023-11-10T14:53:55","date_gmt":"2023-11-10T12:53:55","guid":{"rendered":"https:\/\/www.radiomarket.fi\/?post_type=product&#038;p=43307"},"modified":"2023-11-10T18:25:37","modified_gmt":"2023-11-10T16:25:37","slug":"ekub0537-h-quarz-typ-q-frtu-kellokytkin-puretaan","status":"publish","type":"product","link":"https:\/\/www.radiomarket.fi\/en\/kohde\/ekub0537-h-quarz-typ-q-frtu-kellokytkin-puretaan\/","title":{"rendered":"EKUB0539 H-Quarz Typ Q FRTu kellokytkin puretaan"},"content":{"rendered":"Viallinen kellokytkin, myyd\u00e4\u00e4n my\u00f6s varaosana, esimerkiksi ratsastajat (kytkinnastat) hintaan euro yhdelt\u00e4 ja kirjepostina. N\u00e4kyv\u00e4 hinta koskee kuvassa n\u00e4kyv\u00e4\u00e4 laitetta kokonaisuudessaan kaikkine osineen. Ajastin H-Quarz Typ Q FRTu","protected":false},"excerpt":{"rendered":"<p>Viallinen kellokytkin, myyd\u00e4\u00e4n my\u00f6s varaosana, esimerkiksi ratsastajat (kytkinnastat) hintaan euro yhdelt\u00e4 ja kirjepostina. N\u00e4kyv\u00e4 hinta koskee kuvassa n\u00e4kyv\u00e4\u00e4 laitetta kokonaisuudessaan kaikkine osineen. Ajastin H-Quarz Typ Q FRTu<\/p>","protected":false},"featured_media":43315,"template":"","meta":[],"_links":{"self":[{"href":"https:\/\/www.radiomarket.fi\/en\/wp-json\/wp\/v2\/product\/43307"}],"collection":[{"href":"https:\/\/www.radiomarket.fi\/en\/wp-json\/wp\/v2\/product"}],"about":[{"href":"https:\/\/www.radiomarket.fi\/en\/wp-json\/wp\/v2\/types\/product"}],"wp:featuredmedia":[{"embeddable":true,"href":"https:\/\/www.radiomarket.fi\/en\/wp-json\/wp\/v2\/media\/43315"}],"wp:attachment":[{"href":"https:\/\/www.radiomarket.fi\/en\/wp-json\/wp\/v2\/media?parent=43307"}],"curies":[{"name":"wp","href":"https:\/\/api.w.org\/{rel}","templated":true}]}}