{"id":43342,"date":"2023-11-11T04:25:15","date_gmt":"2023-11-11T02:25:15","guid":{"rendered":"https:\/\/www.radiomarket.fi\/?post_type=product&#038;p=43342"},"modified":"2026-02-25T13:35:04","modified_gmt":"2026-02-25T11:35:04","slug":"ekum0870-philips-pikku-matti-asteikkolasi-putkiradioon","status":"publish","type":"product","link":"https:\/\/www.radiomarket.fi\/en\/kohde\/ekum0870-philips-pikku-matti-asteikkolasi-putkiradioon\/","title":{"rendered":"EKUM0870 Philips Pikku-Matti 203 Fi A1 897 28.0 asteikkolasi putkiradioon"},"content":{"rendered":"<p>Asteikko putkiradioon tms.\u00a0<\/p>","protected":false},"excerpt":{"rendered":"<p>Suosittelemme asteikkolaseille s\u00e4rkyv\u00e4-lis\u00e4palvelua (ostettavissa tuotteena)<\/p>","protected":false},"featured_media":43351,"template":"","meta":[],"_links":{"self":[{"href":"https:\/\/www.radiomarket.fi\/en\/wp-json\/wp\/v2\/product\/43342"}],"collection":[{"href":"https:\/\/www.radiomarket.fi\/en\/wp-json\/wp\/v2\/product"}],"about":[{"href":"https:\/\/www.radiomarket.fi\/en\/wp-json\/wp\/v2\/types\/product"}],"wp:featuredmedia":[{"embeddable":true,"href":"https:\/\/www.radiomarket.fi\/en\/wp-json\/wp\/v2\/media\/43351"}],"wp:attachment":[{"href":"https:\/\/www.radiomarket.fi\/en\/wp-json\/wp\/v2\/media?parent=43342"}],"curies":[{"name":"wp","href":"https:\/\/api.w.org\/{rel}","templated":true}]}}