{"id":43353,"date":"2023-11-11T04:33:57","date_gmt":"2023-11-11T02:33:57","guid":{"rendered":"https:\/\/www.radiomarket.fi\/?post_type=product&#038;p=43353"},"modified":"2023-11-11T04:35:37","modified_gmt":"2023-11-11T02:35:37","slug":"ekum0872-sony-asteikko-transistoriradioon","status":"publish","type":"product","link":"https:\/\/www.radiomarket.fi\/en\/kohde\/ekum0872-sony-asteikko-transistoriradioon\/","title":{"rendered":"EKUM0872 Sony 9 Transistor asteikko transistoriradioon"},"content":{"rendered":"","protected":false},"excerpt":{"rendered":"<p>Suosittelemme asteikkolaseille s\u00e4rkyv\u00e4-lis\u00e4palvelua (ostettavissa tuotteena)<\/p>","protected":false},"featured_media":43346,"template":"","meta":[],"_links":{"self":[{"href":"https:\/\/www.radiomarket.fi\/en\/wp-json\/wp\/v2\/product\/43353"}],"collection":[{"href":"https:\/\/www.radiomarket.fi\/en\/wp-json\/wp\/v2\/product"}],"about":[{"href":"https:\/\/www.radiomarket.fi\/en\/wp-json\/wp\/v2\/types\/product"}],"wp:featuredmedia":[{"embeddable":true,"href":"https:\/\/www.radiomarket.fi\/en\/wp-json\/wp\/v2\/media\/43346"}],"wp:attachment":[{"href":"https:\/\/www.radiomarket.fi\/en\/wp-json\/wp\/v2\/media?parent=43353"}],"curies":[{"name":"wp","href":"https:\/\/api.w.org\/{rel}","templated":true}]}}