{"id":43463,"date":"2023-11-18T12:56:45","date_gmt":"2023-11-18T10:56:45","guid":{"rendered":"https:\/\/www.radiomarket.fi\/?post_type=product&#038;p=43463"},"modified":"2024-02-09T13:56:18","modified_gmt":"2024-02-09T11:56:18","slug":"ekum1606-helsingin-seudun-puhelinluettelo-1995-osa-3-keltaiset-sivut","status":"publish","type":"product","link":"https:\/\/www.radiomarket.fi\/en\/kohde\/ekum1606-helsingin-seudun-puhelinluettelo-1995-osa-3-keltaiset-sivut\/","title":{"rendered":"EKUM1606 Helsingin seudun puhelinluettelo 1995 osa 3 (keltaiset sivut)"},"content":{"rendered":"<p>Helsingin seudun puhelinluettelon keltaiset sivut vuodelta 1995 A:sta \u00d6:h\u00f6n. Paperi aaltoilee, likaa sivujen ulkosyrj\u00e4ll\u00e4.\u00a0<br \/><br \/><br \/><\/p>","protected":false},"excerpt":{"rendered":"<p>Loppuunmyydyksi merkittyjen painotuotteiden yksitt\u00e4isist\u00e4 artikkeleista tai sivuista voi tilata kopioita tai skannauksia siin\u00e4 tapauksessa ett\u00e4 painotuote l\u00f6ytyy arkistostamme.<\/p>","protected":false},"featured_media":43464,"template":"","meta":[],"_links":{"self":[{"href":"https:\/\/www.radiomarket.fi\/en\/wp-json\/wp\/v2\/product\/43463"}],"collection":[{"href":"https:\/\/www.radiomarket.fi\/en\/wp-json\/wp\/v2\/product"}],"about":[{"href":"https:\/\/www.radiomarket.fi\/en\/wp-json\/wp\/v2\/types\/product"}],"wp:featuredmedia":[{"embeddable":true,"href":"https:\/\/www.radiomarket.fi\/en\/wp-json\/wp\/v2\/media\/43464"}],"wp:attachment":[{"href":"https:\/\/www.radiomarket.fi\/en\/wp-json\/wp\/v2\/media?parent=43463"}],"curies":[{"name":"wp","href":"https:\/\/api.w.org\/{rel}","templated":true}]}}