{"id":43469,"date":"2023-11-18T14:28:58","date_gmt":"2023-11-18T12:28:58","guid":{"rendered":"https:\/\/www.radiomarket.fi\/?post_type=product&#038;p=43469"},"modified":"2024-02-20T13:45:56","modified_gmt":"2024-02-20T11:45:56","slug":"ekum1607-prosessori-lehden-hajanumeroita-11-2008-12-2010","status":"publish","type":"product","link":"https:\/\/www.radiomarket.fi\/en\/kohde\/ekum1607-prosessori-lehden-hajanumeroita-11-2008-12-2010\/","title":{"rendered":"EKUM1607 Prosessori -lehden hajanumeroita 11\/2008-12\/2010"},"content":{"rendered":"<p>Vuonna 1979 aloittanut Prosessori kuvailee itse\u00e4\u00e4n suomalaisen teknologiateollisuuden kehitt\u00e4jien ja p\u00e4\u00e4tt\u00e4jien avainmediaksi. Viimeinen numero ilmestyi marraskuussa 2011.<br \/><br \/>Saatavilla seuraavat lehdet, ilmoita tilatessasi mink\u00e4 seuraavista numeroista haluat lunastaa:<br \/><br \/>11\/2008<br \/>3\/2009<br \/>4\/2009<br \/>5\/2009<br \/>6-7\/2009<br \/>8\/2009<br \/>9\/2009<br \/>10\/2009<br \/>11\/2009<br \/>12\/2009<br \/>1-2\/2010<br \/>3\/2010<br \/>4\/2010<br \/>5\/2010<br \/>9\/2010<br \/>10\/2010<br \/>11\/2010<br \/>12\/2010<br \/><br \/>Seuraavat lehdet kuvan setist\u00e4 myyty:<br \/><br \/>&#8211;<br \/><br \/><br \/><\/p>","protected":false},"excerpt":{"rendered":"<p>Kirjetoimitustuotteita kannattaa tilata useampi samalla kertaa, toimituskulut nousevat vain \u20ac0,10 per lis\u00e4tty tuote (v. 2024 hinnaston mukaan).<\/p>","protected":false},"featured_media":43470,"template":"","meta":[],"_links":{"self":[{"href":"https:\/\/www.radiomarket.fi\/en\/wp-json\/wp\/v2\/product\/43469"}],"collection":[{"href":"https:\/\/www.radiomarket.fi\/en\/wp-json\/wp\/v2\/product"}],"about":[{"href":"https:\/\/www.radiomarket.fi\/en\/wp-json\/wp\/v2\/types\/product"}],"wp:featuredmedia":[{"embeddable":true,"href":"https:\/\/www.radiomarket.fi\/en\/wp-json\/wp\/v2\/media\/43470"}],"wp:attachment":[{"href":"https:\/\/www.radiomarket.fi\/en\/wp-json\/wp\/v2\/media?parent=43469"}],"curies":[{"name":"wp","href":"https:\/\/api.w.org\/{rel}","templated":true}]}}