{"id":43479,"date":"2023-11-19T03:10:47","date_gmt":"2023-11-19T01:10:47","guid":{"rendered":"https:\/\/www.radiomarket.fi\/?post_type=product&#038;p=43479"},"modified":"2023-11-19T03:16:23","modified_gmt":"2023-11-19T01:16:23","slug":"ekus0252-aga-1643-b-48","status":"publish","type":"product","link":"https:\/\/www.radiomarket.fi\/en\/kohde\/ekus0252-aga-1643-b-48\/","title":{"rendered":"EKUS0252 AGA 1643 B 48"},"content":{"rendered":"<p>Myyd\u00e4\u00e4n kokonaisuutena t\u00e4h\u00e4n hintaan tai osina. Tilaa yksitt\u00e4inen varaosa s\u00e4hk\u00f6postilla.<\/p><p><br \/><strong>Ainakin seuraavat osat puuttuvat, rikki tai purettu:<\/strong><br \/><br \/>-vasemmanpuoleinen isompi nuppi puuttuu<br \/><br \/>Luetteloitu kuvien perusteella. Ei tutkittu tarkemmin, varmistathan tietojen oikeellisuuden myyj\u00e4lt\u00e4.<\/p>","protected":false},"excerpt":{"rendered":"<p>Myyd\u00e4\u00e4n kokonaisuutena t\u00e4h\u00e4n hintaan tai osina. Tilaa yksitt\u00e4inen varaosa s\u00e4hk\u00f6postilla.Ainakin seuraavat osat puuttuvat, rikki tai purettu:-vasemmanpuoleinen isompi nuppi puuttuuLuetteloitu kuvien perusteella. Ei tutkittu tarkemmin, varmistathan tietojen oikeellisuuden myyj\u00e4lt\u00e4.<\/p>","protected":false},"featured_media":43480,"template":"","meta":[],"_links":{"self":[{"href":"https:\/\/www.radiomarket.fi\/en\/wp-json\/wp\/v2\/product\/43479"}],"collection":[{"href":"https:\/\/www.radiomarket.fi\/en\/wp-json\/wp\/v2\/product"}],"about":[{"href":"https:\/\/www.radiomarket.fi\/en\/wp-json\/wp\/v2\/types\/product"}],"wp:featuredmedia":[{"embeddable":true,"href":"https:\/\/www.radiomarket.fi\/en\/wp-json\/wp\/v2\/media\/43480"}],"wp:attachment":[{"href":"https:\/\/www.radiomarket.fi\/en\/wp-json\/wp\/v2\/media?parent=43479"}],"curies":[{"name":"wp","href":"https:\/\/api.w.org\/{rel}","templated":true}]}}