{"id":43491,"date":"2023-11-19T03:22:17","date_gmt":"2023-11-19T01:22:17","guid":{"rendered":"https:\/\/www.radiomarket.fi\/?post_type=product&#038;p=43491"},"modified":"2024-01-09T04:32:18","modified_gmt":"2024-01-09T02:32:18","slug":"ekus0259-crowncorder-ctr-9450s","status":"publish","type":"product","link":"https:\/\/www.radiomarket.fi\/en\/kohde\/ekus0259-crowncorder-ctr-9450s\/","title":{"rendered":"EKUS0259 Crowncorder CTR-9450S"},"content":{"rendered":"<p>Myyd\u00e4\u00e4n kokonaisuutena t\u00e4h\u00e4n hintaan tai osina. Tilaa yksitt\u00e4inen varaosa s\u00e4hk\u00f6postilla.<\/p><p><br \/><strong>Ainakin seuraavat osat puuttuvat, rikki tai purettu:<\/strong><br \/><br \/>-kasettikotelon kansi puuttuu<br \/><br \/>Luetteloitu kuvien perusteella. Ei tutkittu tarkemmin, varmistathan tietojen oikeellisuuden myyj\u00e4lt\u00e4.<\/p>","protected":false},"excerpt":{"rendered":"<p>Myyd\u00e4\u00e4n kokonaisuutena t\u00e4h\u00e4n hintaan tai osina. Tilaa yksitt\u00e4inen varaosa s\u00e4hk\u00f6postilla.Ainakin seuraavat osat puuttuvat, rikki tai purettu:-kasettikotelon kansi puuttuuLuetteloitu kuvien perusteella. Ei tutkittu tarkemmin, varmistathan tietojen oikeellisuuden myyj\u00e4lt\u00e4.<\/p>","protected":false},"featured_media":43492,"template":"","meta":[],"_links":{"self":[{"href":"https:\/\/www.radiomarket.fi\/en\/wp-json\/wp\/v2\/product\/43491"}],"collection":[{"href":"https:\/\/www.radiomarket.fi\/en\/wp-json\/wp\/v2\/product"}],"about":[{"href":"https:\/\/www.radiomarket.fi\/en\/wp-json\/wp\/v2\/types\/product"}],"wp:featuredmedia":[{"embeddable":true,"href":"https:\/\/www.radiomarket.fi\/en\/wp-json\/wp\/v2\/media\/43492"}],"wp:attachment":[{"href":"https:\/\/www.radiomarket.fi\/en\/wp-json\/wp\/v2\/media?parent=43491"}],"curies":[{"name":"wp","href":"https:\/\/api.w.org\/{rel}","templated":true}]}}