{"id":43508,"date":"2023-11-19T19:05:31","date_gmt":"2023-11-19T17:05:31","guid":{"rendered":"https:\/\/www.radiomarket.fi\/?post_type=product&#038;p=43508"},"modified":"2024-02-03T15:41:34","modified_gmt":"2024-02-03T13:41:34","slug":"ekum0553-ite-vastaanottimen-antenniviritin","status":"publish","type":"product","link":"https:\/\/www.radiomarket.fi\/en\/kohde\/ekum0553-ite-vastaanottimen-antenniviritin\/","title":{"rendered":"EKUM0553 ITE vastaanottimen antenniviritin"},"content":{"rendered":"<p>BNC-liittimin, liek\u00f6 t\u00e4m\u00e4 tehty lyhytaalloille vai ala-VHF-taajuuksille?<\/p>","protected":false},"excerpt":{"rendered":"<p>BNC-liittimin, liek\u00f6 t\u00e4m\u00e4 tehty lyhytaalloille vai ala-VHF-taajuuksille?<\/p>","protected":false},"featured_media":43512,"template":"","meta":[],"_links":{"self":[{"href":"https:\/\/www.radiomarket.fi\/en\/wp-json\/wp\/v2\/product\/43508"}],"collection":[{"href":"https:\/\/www.radiomarket.fi\/en\/wp-json\/wp\/v2\/product"}],"about":[{"href":"https:\/\/www.radiomarket.fi\/en\/wp-json\/wp\/v2\/types\/product"}],"wp:featuredmedia":[{"embeddable":true,"href":"https:\/\/www.radiomarket.fi\/en\/wp-json\/wp\/v2\/media\/43512"}],"wp:attachment":[{"href":"https:\/\/www.radiomarket.fi\/en\/wp-json\/wp\/v2\/media?parent=43508"}],"curies":[{"name":"wp","href":"https:\/\/api.w.org\/{rel}","templated":true}]}}