{"id":43522,"date":"2023-11-22T12:36:03","date_gmt":"2023-11-22T10:36:03","guid":{"rendered":"https:\/\/www.radiomarket.fi\/?post_type=product&#038;p=43522"},"modified":"2024-01-22T11:30:37","modified_gmt":"2024-01-22T09:30:37","slug":"ekum1064x-philips-osia-kaiutinelementit-2-kpl-ja-kangas","status":"publish","type":"product","link":"https:\/\/www.radiomarket.fi\/en\/kohde\/ekum1064x-philips-osia-kaiutinelementit-2-kpl-ja-kangas\/","title":{"rendered":"EKUM1064x Philips osia: kaiutinelementit 2 kpl (ei rapise) ja kangas"},"content":{"rendered":"<p>-Kumpaakaan kaiutinelementti\u00e4 ei ole saatu rapisemaan paristotestiss\u00e4, eik\u00e4 yleismittarilla ole saatu mitattua impedanssia.<br \/>-Kankaan mitat 23x67cm<br \/><br \/>Tilaa haluamasi varaosat s\u00e4hk\u00f6postitse.<\/p><p>&nbsp;<\/p><p>&nbsp;<\/p>","protected":false},"excerpt":{"rendered":"<p>-Kumpaakaan kaiutinelementti\u00e4 ei ole saatu rapisemaan paristotestiss\u00e4, eik\u00e4 yleismittarilla ole saatu mitattua impedanssia.-Kankaan mitat 23x67cmTilaa haluamasi varaosat s\u00e4hk\u00f6postitse.&nbsp;&nbsp;<\/p>","protected":false},"featured_media":43523,"template":"","meta":[],"_links":{"self":[{"href":"https:\/\/www.radiomarket.fi\/en\/wp-json\/wp\/v2\/product\/43522"}],"collection":[{"href":"https:\/\/www.radiomarket.fi\/en\/wp-json\/wp\/v2\/product"}],"about":[{"href":"https:\/\/www.radiomarket.fi\/en\/wp-json\/wp\/v2\/types\/product"}],"wp:featuredmedia":[{"embeddable":true,"href":"https:\/\/www.radiomarket.fi\/en\/wp-json\/wp\/v2\/media\/43523"}],"wp:attachment":[{"href":"https:\/\/www.radiomarket.fi\/en\/wp-json\/wp\/v2\/media?parent=43522"}],"curies":[{"name":"wp","href":"https:\/\/api.w.org\/{rel}","templated":true}]}}