{"id":43576,"date":"2023-11-28T11:58:20","date_gmt":"2023-11-28T09:58:20","guid":{"rendered":"https:\/\/www.radiomarket.fi\/?post_type=product&#038;p=43576"},"modified":"2023-11-29T19:17:05","modified_gmt":"2023-11-29T17:17:05","slug":"ekub0544-norman-leigh-kolmetoista-kasinoa-vastaan-rulettijarjestelmakirja","status":"publish","type":"product","link":"https:\/\/www.radiomarket.fi\/en\/kohde\/ekub0544-norman-leigh-kolmetoista-kasinoa-vastaan-rulettijarjestelmakirja\/","title":{"rendered":"EKUB0545 Norman Leigh: Kolmetoista kasinoa vastaan &#8211; rulettij\u00e4rjestelm\u00e4kirja"},"content":{"rendered":"&#8220;Tosikertomus miehest\u00e4, joka keksi pett\u00e4m\u00e4tt\u00f6m\u00e4n rulettij\u00e4rjestelm\u00e4n ja aiheutti paniikin Ranskan pelikasinoissa&#8221;. Kirjassa kerrotaan mm. mit\u00e4 et saa tehd\u00e4 kasinolla. Kirja on pari kertaa luettu ja hyv\u00e4kuntoinen. 264 sivua. Weilin+G\u00f6\u00f6s Tapiola 1976. ISBN 951-35-1476-5.","protected":false},"excerpt":{"rendered":"<p>Kirjetoimitustuotteita kannattaa tilata useampikin, yksi tuote nostaa toimitusmaksua vain 10 sentill\u00e4 (12\/2023 tilanteen mukaan).<\/p>","protected":false},"featured_media":43583,"template":"","meta":[],"_links":{"self":[{"href":"https:\/\/www.radiomarket.fi\/en\/wp-json\/wp\/v2\/product\/43576"}],"collection":[{"href":"https:\/\/www.radiomarket.fi\/en\/wp-json\/wp\/v2\/product"}],"about":[{"href":"https:\/\/www.radiomarket.fi\/en\/wp-json\/wp\/v2\/types\/product"}],"wp:featuredmedia":[{"embeddable":true,"href":"https:\/\/www.radiomarket.fi\/en\/wp-json\/wp\/v2\/media\/43583"}],"wp:attachment":[{"href":"https:\/\/www.radiomarket.fi\/en\/wp-json\/wp\/v2\/media?parent=43576"}],"curies":[{"name":"wp","href":"https:\/\/api.w.org\/{rel}","templated":true}]}}