{"id":43577,"date":"2023-11-28T14:11:10","date_gmt":"2023-11-28T12:11:10","guid":{"rendered":"https:\/\/www.radiomarket.fi\/?post_type=product&#038;p=43577"},"modified":"2024-02-23T15:16:32","modified_gmt":"2024-02-23T13:16:32","slug":"ekum0554-vanha-akkuhuolto-opas-saksaksi","status":"publish","type":"product","link":"https:\/\/www.radiomarket.fi\/en\/kohde\/ekum0554-vanha-akkuhuolto-opas-saksaksi\/","title":{"rendered":"EKUM0554 Vanha akkuhuolto-opas saksaksi"},"content":{"rendered":"<p>Erillispainos saksankielisest\u00e4 alkuper\u00e4isteoksesta, kappale XIX Bleiakkumulator, sivut 202-208. Akkuteoriaa. Kansipahvista p\u00e4\u00e4tellen voisi olla Puolustusvoimien materiaalia. Sis\u00e4lt\u00f6 arviolta 1920-50-luvuilta.<\/p>","protected":false},"excerpt":{"rendered":"<p>Kirjetoimitustuotteita kannattaa tilata useampikin, yksi tuote nostaa toimitusmaksua vain 10 sentill\u00e4 (12\/2023 tilanteen mukaan).<\/p>","protected":false},"featured_media":43581,"template":"","meta":[],"_links":{"self":[{"href":"https:\/\/www.radiomarket.fi\/en\/wp-json\/wp\/v2\/product\/43577"}],"collection":[{"href":"https:\/\/www.radiomarket.fi\/en\/wp-json\/wp\/v2\/product"}],"about":[{"href":"https:\/\/www.radiomarket.fi\/en\/wp-json\/wp\/v2\/types\/product"}],"wp:featuredmedia":[{"embeddable":true,"href":"https:\/\/www.radiomarket.fi\/en\/wp-json\/wp\/v2\/media\/43581"}],"wp:attachment":[{"href":"https:\/\/www.radiomarket.fi\/en\/wp-json\/wp\/v2\/media?parent=43577"}],"curies":[{"name":"wp","href":"https:\/\/api.w.org\/{rel}","templated":true}]}}