{"id":43578,"date":"2023-11-28T15:05:01","date_gmt":"2023-11-28T13:05:01","guid":{"rendered":"https:\/\/www.radiomarket.fi\/?post_type=product&#038;p=43578"},"modified":"2024-01-05T15:00:59","modified_gmt":"2024-01-05T13:00:59","slug":"ekub0545-tallberg-tyokalut-kuvasto-kovakantinen-kirja-1988","status":"publish","type":"product","link":"https:\/\/www.radiomarket.fi\/en\/kohde\/ekub0545-tallberg-tyokalut-kuvasto-kovakantinen-kirja-1988\/","title":{"rendered":"EKUB0546 Tallberg Ty\u00f6kalut kuvasto kovakantinen kirja 1988"},"content":{"rendered":"<p>Hyv\u00e4kuntoinen lukuunottamatta kuvissa n\u00e4kyv\u00e4\u00e4 kansitaipeen noin 15 mm palkeenkielt\u00e4, mik\u00e4 on liimattavissa. Koko A4.<\/p>","protected":false},"excerpt":{"rendered":"<p>Kirjetoimitustuotteita kannattaa tilata useampikin, yksi tuote nostaa toimitusmaksua vain 10 sentill\u00e4 (12\/2023 tilanteen mukaan).<\/p>","protected":false},"featured_media":43629,"template":"","meta":[],"_links":{"self":[{"href":"https:\/\/www.radiomarket.fi\/en\/wp-json\/wp\/v2\/product\/43578"}],"collection":[{"href":"https:\/\/www.radiomarket.fi\/en\/wp-json\/wp\/v2\/product"}],"about":[{"href":"https:\/\/www.radiomarket.fi\/en\/wp-json\/wp\/v2\/types\/product"}],"wp:featuredmedia":[{"embeddable":true,"href":"https:\/\/www.radiomarket.fi\/en\/wp-json\/wp\/v2\/media\/43629"}],"wp:attachment":[{"href":"https:\/\/www.radiomarket.fi\/en\/wp-json\/wp\/v2\/media?parent=43578"}],"curies":[{"name":"wp","href":"https:\/\/api.w.org\/{rel}","templated":true}]}}