{"id":43592,"date":"2023-11-29T19:37:08","date_gmt":"2023-11-29T17:37:08","guid":{"rendered":"https:\/\/www.radiomarket.fi\/?post_type=product&#038;p=43592"},"modified":"2023-12-01T13:08:56","modified_gmt":"2023-12-01T11:08:56","slug":"ekub0548-blaupunkt-4-30-ohmin-autoradiokaiutin-1980-luvun-alku","status":"publish","type":"product","link":"https:\/\/www.radiomarket.fi\/en\/kohde\/ekub0548-blaupunkt-4-30-ohmin-autoradiokaiutin-1980-luvun-alku\/","title":{"rendered":"EKUB0548 Blaupunkt 4&#8243; 30 ohmin autoradiokaiutin 1980-luvun alku"},"content":{"rendered":"Nelj\u00e4n tuuman eli halkaisijaltaan 10 cm 30 ohm kaiutin asennuskotelossa. Yleisesti auton oveen asennettu j\u00e4lkiasennuskaiutin. Asennussyvyys 30 mm. Kuvassa olevat ruuvit ovat satunnaiset asennusruuvit ovipahviin. Pahvikartiossa n\u00e4kyy pieni repe\u00e4m\u00e4, katso kuva. #autokaiutin","protected":false},"excerpt":{"rendered":"<p>Nelj\u00e4n tuuman eli halkaisijaltaan 10 cm 30 ohm kaiutin asennuskotelossa. Yleisesti auton oveen asennettu j\u00e4lkiasennuskaiutin. Asennussyvyys 30 mm. Kuvassa olevat ruuvit ovat satunnaiset asennusruuvit ovipahviin. Pahvikartiossa n\u00e4kyy pieni repe\u00e4m\u00e4, katso kuva. #autokaiutin<\/p>","protected":false},"featured_media":43595,"template":"","meta":[],"_links":{"self":[{"href":"https:\/\/www.radiomarket.fi\/en\/wp-json\/wp\/v2\/product\/43592"}],"collection":[{"href":"https:\/\/www.radiomarket.fi\/en\/wp-json\/wp\/v2\/product"}],"about":[{"href":"https:\/\/www.radiomarket.fi\/en\/wp-json\/wp\/v2\/types\/product"}],"wp:featuredmedia":[{"embeddable":true,"href":"https:\/\/www.radiomarket.fi\/en\/wp-json\/wp\/v2\/media\/43595"}],"wp:attachment":[{"href":"https:\/\/www.radiomarket.fi\/en\/wp-json\/wp\/v2\/media?parent=43592"}],"curies":[{"name":"wp","href":"https:\/\/api.w.org\/{rel}","templated":true}]}}