{"id":43601,"date":"2023-12-01T11:22:48","date_gmt":"2023-12-01T09:22:48","guid":{"rendered":"https:\/\/www.radiomarket.fi\/?post_type=product&#038;p=43601"},"modified":"2023-12-01T11:26:57","modified_gmt":"2023-12-01T09:26:57","slug":"vcl11-elektroniputki-myydaan-vain-srhs-jasenille-ekus","status":"publish","type":"product","link":"https:\/\/www.radiomarket.fi\/en\/kohde\/vcl11-elektroniputki-myydaan-vain-srhs-jasenille-ekus\/","title":{"rendered":"VCL11 elektroniputki (myyd\u00e4\u00e4n vain SRHS-j\u00e4senille) (EKUS)"},"content":{"rendered":"<p>Myyd\u00e4\u00e4n ainoastaan Suomen Radiohistoriallisen Seuran j\u00e4senille. Ostamiseen tarvitaan sarjanumero &#8220;PikkuHitlerist\u00e4&#8221; mieluiten kuvan kanssa.\u00a0<\/p>","protected":false},"excerpt":{"rendered":"<p>Myyd\u00e4\u00e4n ainoastaan Suomen Radiohistoriallisen Seuran j\u00e4senille. Ostamiseen tarvitaan sarjanumero &#8220;PikkuHitlerist\u00e4&#8221; mieluiten kuvan kanssa.\u00a0<\/p>","protected":false},"featured_media":17169,"template":"","meta":[],"_links":{"self":[{"href":"https:\/\/www.radiomarket.fi\/en\/wp-json\/wp\/v2\/product\/43601"}],"collection":[{"href":"https:\/\/www.radiomarket.fi\/en\/wp-json\/wp\/v2\/product"}],"about":[{"href":"https:\/\/www.radiomarket.fi\/en\/wp-json\/wp\/v2\/types\/product"}],"wp:featuredmedia":[{"embeddable":true,"href":"https:\/\/www.radiomarket.fi\/en\/wp-json\/wp\/v2\/media\/17169"}],"wp:attachment":[{"href":"https:\/\/www.radiomarket.fi\/en\/wp-json\/wp\/v2\/media?parent=43601"}],"curies":[{"name":"wp","href":"https:\/\/api.w.org\/{rel}","templated":true}]}}