{"id":43657,"date":"2023-12-02T21:37:32","date_gmt":"2023-12-02T19:37:32","guid":{"rendered":"https:\/\/www.radiomarket.fi\/?post_type=product&#038;p=43657"},"modified":"2025-11-07T14:48:54","modified_gmt":"2025-11-07T12:48:54","slug":"ekus0262-mexo-comet","status":"publish","type":"product","link":"https:\/\/www.radiomarket.fi\/en\/kohde\/ekus0262-mexo-comet\/","title":{"rendered":"EKUS0262 Mexo Comet"},"content":{"rendered":"<p>Myyd\u00e4\u00e4n kokonaisuutena t\u00e4h\u00e4n hintaan tai harkinnan mukaan osina. Tilaa yksitt\u00e4inen varaosa s\u00e4hk\u00f6postilla.<\/p><p><br \/><strong>Ainakin seuraavat osat puuttuvat, rikki tai purettu:<\/strong><br \/><br \/>-takalevy puuttuu<br \/>-ainakin yksi putki n\u00e4ytt\u00e4isi puuttuvan<br \/><br \/>Luetteloitu kuvien perusteella. Ei tutkittu tarkemmin, varmistathan tietojen oikeellisuuden myyj\u00e4lt\u00e4.<\/p>","protected":false},"excerpt":{"rendered":"<p>Myyd\u00e4\u00e4n kokonaisuutena t\u00e4h\u00e4n hintaan tai harkinnan mukaan osina. Tilaa yksitt\u00e4inen varaosa s\u00e4hk\u00f6postilla.Ainakin seuraavat osat puuttuvat, rikki tai purettu:-takalevy puuttuu-ainakin yksi putki n\u00e4ytt\u00e4isi puuttuvanLuetteloitu kuvien perusteella. Ei tutkittu tarkemmin, varmistathan tietojen oikeellisuuden myyj\u00e4lt\u00e4.<\/p>","protected":false},"featured_media":43658,"template":"","meta":[],"_links":{"self":[{"href":"https:\/\/www.radiomarket.fi\/en\/wp-json\/wp\/v2\/product\/43657"}],"collection":[{"href":"https:\/\/www.radiomarket.fi\/en\/wp-json\/wp\/v2\/product"}],"about":[{"href":"https:\/\/www.radiomarket.fi\/en\/wp-json\/wp\/v2\/types\/product"}],"wp:featuredmedia":[{"embeddable":true,"href":"https:\/\/www.radiomarket.fi\/en\/wp-json\/wp\/v2\/media\/43658"}],"wp:attachment":[{"href":"https:\/\/www.radiomarket.fi\/en\/wp-json\/wp\/v2\/media?parent=43657"}],"curies":[{"name":"wp","href":"https:\/\/api.w.org\/{rel}","templated":true}]}}