{"id":43661,"date":"2023-12-02T21:41:57","date_gmt":"2023-12-02T19:41:57","guid":{"rendered":"https:\/\/www.radiomarket.fi\/?post_type=product&#038;p=43661"},"modified":"2023-12-02T21:49:04","modified_gmt":"2023-12-02T19:49:04","slug":"ekus0264-philips-bsf520a","status":"publish","type":"product","link":"https:\/\/www.radiomarket.fi\/en\/kohde\/ekus0264-philips-bsf520a\/","title":{"rendered":"EKUS0264 Philips BSF520A"},"content":{"rendered":"<p>Myyd\u00e4\u00e4n kokonaisuutena t\u00e4h\u00e4n hintaan tai harkinnan mukaan osina. Tilaa yksitt\u00e4inen varaosa s\u00e4hk\u00f6postilla.<br \/><br \/>Alkuper\u00e4inen kaiutinelementti vaikuttaa vaihdetun samantapaiseen kuin Salora Metropol -radiossa on (arvio kuvan perusteella). Kaiutin(?)johtoja yhdistelty sokeripaloin.<\/p><p><br \/><strong>Ainakin seuraavat osat puuttuvat, rikki tai purettu:<\/strong><br \/><br \/>-ainakin yksi nuppi on rikki<br \/><br \/>Luetteloitu kuvien perusteella. Ei tutkittu tarkemmin, varmistathan tietojen oikeellisuuden myyj\u00e4lt\u00e4.<\/p>","protected":false},"excerpt":{"rendered":"<p>Myyd\u00e4\u00e4n kokonaisuutena t\u00e4h\u00e4n hintaan tai harkinnan mukaan osina. Tilaa yksitt\u00e4inen varaosa s\u00e4hk\u00f6postilla.Alkuper\u00e4inen kaiutinelementti vaikuttaa vaihdetun samantapaiseen kuin Salora Metropol -radiossa on (arvio kuvan perusteella). Kaiutin(?)johtoja yhdistelty sokeripaloin.Ainakin seuraavat osat puuttuvat, rikki tai purettu:-ainakin yksi nuppi on rikkiLuetteloitu kuvien perusteella. Ei tutkittu tarkemmin, varmistathan tietojen oikeellisuuden myyj\u00e4lt\u00e4.<\/p>","protected":false},"featured_media":43662,"template":"","meta":[],"_links":{"self":[{"href":"https:\/\/www.radiomarket.fi\/en\/wp-json\/wp\/v2\/product\/43661"}],"collection":[{"href":"https:\/\/www.radiomarket.fi\/en\/wp-json\/wp\/v2\/product"}],"about":[{"href":"https:\/\/www.radiomarket.fi\/en\/wp-json\/wp\/v2\/types\/product"}],"wp:featuredmedia":[{"embeddable":true,"href":"https:\/\/www.radiomarket.fi\/en\/wp-json\/wp\/v2\/media\/43662"}],"wp:attachment":[{"href":"https:\/\/www.radiomarket.fi\/en\/wp-json\/wp\/v2\/media?parent=43661"}],"curies":[{"name":"wp","href":"https:\/\/api.w.org\/{rel}","templated":true}]}}