{"id":43677,"date":"2023-12-03T13:23:21","date_gmt":"2023-12-03T11:23:21","guid":{"rendered":"https:\/\/www.radiomarket.fi\/?post_type=product&#038;p=43677"},"modified":"2023-12-03T13:30:50","modified_gmt":"2023-12-03T11:30:50","slug":"ekun0117-ac09500-125-v323-sarjaliikennekaapeli","status":"publish","type":"product","link":"https:\/\/www.radiomarket.fi\/en\/kohde\/ekun0117-ac09500-125-v323-sarjaliikennekaapeli\/","title":{"rendered":"EKUN0117 AC09500.125 V323 sarjaliikennekaapeli"},"content":{"rendered":"<p>Sarjaliikennekaapeli. K\u00e4ytet\u00e4\u00e4n mm. ML3320 ja ML 280- kirjoittimien kanssa ESMI-paloilmoitinj\u00e4rjestelmiss\u00e4. Kaapelissa on 25 \/ 9 nap. RS 232 D-liitin<\/p><p>Ei tutkittu tarkemmin. Ei testattu. Varmistathan tietojen oikeellisuuden myyj\u00e4lt\u00e4.<\/p>","protected":false},"excerpt":{"rendered":"<p>Kirjetoimitusluokan tuotteita kannattaa tilata useampi samalla kertaa, toimituskulut nousevat vain \u20ac0,10 per lis\u00e4tty tuote (v. 2024 hinnaston mukaan).<\/p>","protected":false},"featured_media":43678,"template":"","meta":[],"_links":{"self":[{"href":"https:\/\/www.radiomarket.fi\/en\/wp-json\/wp\/v2\/product\/43677"}],"collection":[{"href":"https:\/\/www.radiomarket.fi\/en\/wp-json\/wp\/v2\/product"}],"about":[{"href":"https:\/\/www.radiomarket.fi\/en\/wp-json\/wp\/v2\/types\/product"}],"wp:featuredmedia":[{"embeddable":true,"href":"https:\/\/www.radiomarket.fi\/en\/wp-json\/wp\/v2\/media\/43678"}],"wp:attachment":[{"href":"https:\/\/www.radiomarket.fi\/en\/wp-json\/wp\/v2\/media?parent=43677"}],"curies":[{"name":"wp","href":"https:\/\/api.w.org\/{rel}","templated":true}]}}