{"id":43694,"date":"2023-12-03T20:52:37","date_gmt":"2023-12-03T18:52:37","guid":{"rendered":"https:\/\/www.radiomarket.fi\/?post_type=product&#038;p=43694"},"modified":"2023-12-05T11:00:03","modified_gmt":"2023-12-05T09:00:03","slug":"ekub0549-heckler-kock-g36-kivaarin-ohjekirja-tulossa","status":"publish","type":"product","link":"https:\/\/www.radiomarket.fi\/en\/kohde\/ekub0549-heckler-kock-g36-kivaarin-ohjekirja-tulossa\/","title":{"rendered":"EKUB0549 Heckler &amp; Koch G36-kiv\u00e4\u00e4rin ohjekirja"},"content":{"rendered":"<p>Englanninkielinen uusi ohjevihko, koko noin A6. Heckler+Koch G36 owner&#8217;s manual.<\/p>","protected":false},"excerpt":{"rendered":"<p>Kirjetoimitustuotteita kannattaa tilata samalla useampikin, yksi lis\u00e4tuote korottaa rahtimaksua vain kymmenell\u00e4 sentill\u00e4 (12\/23)<\/p>","protected":false},"featured_media":43706,"template":"","meta":[],"_links":{"self":[{"href":"https:\/\/www.radiomarket.fi\/en\/wp-json\/wp\/v2\/product\/43694"}],"collection":[{"href":"https:\/\/www.radiomarket.fi\/en\/wp-json\/wp\/v2\/product"}],"about":[{"href":"https:\/\/www.radiomarket.fi\/en\/wp-json\/wp\/v2\/types\/product"}],"wp:featuredmedia":[{"embeddable":true,"href":"https:\/\/www.radiomarket.fi\/en\/wp-json\/wp\/v2\/media\/43706"}],"wp:attachment":[{"href":"https:\/\/www.radiomarket.fi\/en\/wp-json\/wp\/v2\/media?parent=43694"}],"curies":[{"name":"wp","href":"https:\/\/api.w.org\/{rel}","templated":true}]}}