{"id":43696,"date":"2023-12-03T20:56:51","date_gmt":"2023-12-03T18:56:51","guid":{"rendered":"https:\/\/www.radiomarket.fi\/?post_type=product&#038;p=43696"},"modified":"2024-02-23T14:18:45","modified_gmt":"2024-02-23T12:18:45","slug":"ekub0550-shroff-19-aufbausysteme-katalog-tulossa","status":"publish","type":"product","link":"https:\/\/www.radiomarket.fi\/en\/kohde\/ekub0550-shroff-19-aufbausysteme-katalog-tulossa\/","title":{"rendered":"EKUS0333 Schroff 19&#8243; Aufbausysteme katalog"},"content":{"rendered":"<p>R\u00e4kki- ym. koteloiden luettelo. Ainut havaittu k\u00e4sin tehty merkint\u00e4 kannessa, hyv\u00e4kuntoinen. Kirja kertoo mm. k\u00e4ytetyt muovilaadut ja v\u00e4rikoodeja esimerkiksi avuksi entis\u00f6intiin.<\/p>","protected":false},"excerpt":{"rendered":"<p>Kirjetoimitustuotteita kannattaa tilata samalla useampikin, yksi lis\u00e4tuote korottaa rahtimaksua vain kymmenell\u00e4 sentill\u00e4 (11\/23)<\/p>","protected":false},"featured_media":43700,"template":"","meta":[],"_links":{"self":[{"href":"https:\/\/www.radiomarket.fi\/en\/wp-json\/wp\/v2\/product\/43696"}],"collection":[{"href":"https:\/\/www.radiomarket.fi\/en\/wp-json\/wp\/v2\/product"}],"about":[{"href":"https:\/\/www.radiomarket.fi\/en\/wp-json\/wp\/v2\/types\/product"}],"wp:featuredmedia":[{"embeddable":true,"href":"https:\/\/www.radiomarket.fi\/en\/wp-json\/wp\/v2\/media\/43700"}],"wp:attachment":[{"href":"https:\/\/www.radiomarket.fi\/en\/wp-json\/wp\/v2\/media?parent=43696"}],"curies":[{"name":"wp","href":"https:\/\/api.w.org\/{rel}","templated":true}]}}