{"id":43743,"date":"2023-12-05T11:34:16","date_gmt":"2023-12-05T09:34:16","guid":{"rendered":"https:\/\/www.radiomarket.fi\/?post_type=product&#038;p=43743"},"modified":"2025-03-12T10:22:53","modified_gmt":"2025-03-12T08:22:53","slug":"ekub0551-pc-peliraamattu-1999-niksit-yli-200-uutuuspeliin-tulossa","status":"publish","type":"product","link":"https:\/\/www.radiomarket.fi\/en\/kohde\/ekub0551-pc-peliraamattu-1999-niksit-yli-200-uutuuspeliin-tulossa\/","title":{"rendered":"EKUB0562 PC Peliraamattu 1999! Niksit yli 200 uutuuspeliin"},"content":{"rendered":"<p>Kirjoittanut Kimmo Nikkanen. Luettu, muovitettu kirja. Ollut kirjastok\u00e4yt\u00f6ss\u00e4. Sis\u00e4lt\u00e4 siisti ja eik\u00e4 puutteita huomattu. Mukana olevaa CD:t\u00e4 ei ole testattu.<\/p>","protected":false},"excerpt":{"rendered":"<p>Kirjoittanut Kimmo Nikkanen. Luettu, muovitettu kirja. Ollut kirjastok\u00e4yt\u00f6ss\u00e4. Sis\u00e4lt\u00e4 siisti ja eik\u00e4 puutteita huomattu. Mukana olevaa CD:t\u00e4 ei ole testattu.<\/p>","protected":false},"featured_media":43880,"template":"","meta":[],"_links":{"self":[{"href":"https:\/\/www.radiomarket.fi\/en\/wp-json\/wp\/v2\/product\/43743"}],"collection":[{"href":"https:\/\/www.radiomarket.fi\/en\/wp-json\/wp\/v2\/product"}],"about":[{"href":"https:\/\/www.radiomarket.fi\/en\/wp-json\/wp\/v2\/types\/product"}],"wp:featuredmedia":[{"embeddable":true,"href":"https:\/\/www.radiomarket.fi\/en\/wp-json\/wp\/v2\/media\/43880"}],"wp:attachment":[{"href":"https:\/\/www.radiomarket.fi\/en\/wp-json\/wp\/v2\/media?parent=43743"}],"curies":[{"name":"wp","href":"https:\/\/api.w.org\/{rel}","templated":true}]}}