{"id":43765,"date":"2023-12-05T19:20:41","date_gmt":"2023-12-05T17:20:41","guid":{"rendered":"https:\/\/www.radiomarket.fi\/?post_type=product&#038;p=43765"},"modified":"2023-12-12T13:28:43","modified_gmt":"2023-12-12T11:28:43","slug":"ekub0555-international-lt-28-taskuradio","status":"publish","type":"product","link":"https:\/\/www.radiomarket.fi\/en\/kohde\/ekub0555-international-lt-28-taskuradio\/","title":{"rendered":"EKUB0555 International LT-28 taskuradio"},"content":{"rendered":"<p>Siisti pikkuradio. Ei testattu nyt, aiempi merkint\u00e4 kertoo \u00e4\u00e4nenvoimakkuuss\u00e4\u00e4timen p\u00e4tkiv\u00e4n.<\/p>","protected":false},"excerpt":{"rendered":"<p>Siisti pikkuradio. Ei testattu nyt, aiempi merkint\u00e4 kertoo \u00e4\u00e4nenvoimakkuuss\u00e4\u00e4timen p\u00e4tkiv\u00e4n.<\/p>","protected":false},"featured_media":43767,"template":"","meta":[],"_links":{"self":[{"href":"https:\/\/www.radiomarket.fi\/en\/wp-json\/wp\/v2\/product\/43765"}],"collection":[{"href":"https:\/\/www.radiomarket.fi\/en\/wp-json\/wp\/v2\/product"}],"about":[{"href":"https:\/\/www.radiomarket.fi\/en\/wp-json\/wp\/v2\/types\/product"}],"wp:featuredmedia":[{"embeddable":true,"href":"https:\/\/www.radiomarket.fi\/en\/wp-json\/wp\/v2\/media\/43767"}],"wp:attachment":[{"href":"https:\/\/www.radiomarket.fi\/en\/wp-json\/wp\/v2\/media?parent=43765"}],"curies":[{"name":"wp","href":"https:\/\/api.w.org\/{rel}","templated":true}]}}