{"id":43796,"date":"2023-12-06T10:44:53","date_gmt":"2023-12-06T08:44:53","guid":{"rendered":"https:\/\/www.radiomarket.fi\/?post_type=product&#038;p=43796"},"modified":"2023-12-24T07:40:24","modified_gmt":"2023-12-24T05:40:24","slug":"ekub0559-itainen-viena-1943-sotaleikkikartta","status":"publish","type":"product","link":"https:\/\/www.radiomarket.fi\/en\/kohde\/ekub0559-itainen-viena-1943-sotaleikkikartta\/","title":{"rendered":"EKUB0559 It\u00e4inen Viena 1943 SA-sotaleikkikartta"},"content":{"rendered":"<p>J\u00e4lkipainos 1970 koordinaattimerkinn\u00f6in. Ryppyj\u00e4 ja pieni\u00e4 repe\u00e4mi\u00e4 sek\u00e4 likaa, katso kuvat tarkkaan ennen tilausta. Ei ter\u00e4vi\u00e4 taitoksia. Kartta toimitetaan rullattuna. #ww2 #rekvisiitta<\/p>","protected":false},"excerpt":{"rendered":"<p>J\u00e4lkipainos 1970 koordinaattimerkinn\u00f6in. Ryppyj\u00e4 ja pieni\u00e4 repe\u00e4mi\u00e4 sek\u00e4 likaa, katso kuvat tarkkaan ennen tilausta. Ei ter\u00e4vi\u00e4 taitoksia. Kartta toimitetaan rullattuna. #ww2 #rekvisiitta<\/p>","protected":false},"featured_media":43799,"template":"","meta":[],"_links":{"self":[{"href":"https:\/\/www.radiomarket.fi\/en\/wp-json\/wp\/v2\/product\/43796"}],"collection":[{"href":"https:\/\/www.radiomarket.fi\/en\/wp-json\/wp\/v2\/product"}],"about":[{"href":"https:\/\/www.radiomarket.fi\/en\/wp-json\/wp\/v2\/types\/product"}],"wp:featuredmedia":[{"embeddable":true,"href":"https:\/\/www.radiomarket.fi\/en\/wp-json\/wp\/v2\/media\/43799"}],"wp:attachment":[{"href":"https:\/\/www.radiomarket.fi\/en\/wp-json\/wp\/v2\/media?parent=43796"}],"curies":[{"name":"wp","href":"https:\/\/api.w.org\/{rel}","templated":true}]}}