{"id":43807,"date":"2023-12-06T19:16:34","date_gmt":"2023-12-06T17:16:34","guid":{"rendered":"https:\/\/www.radiomarket.fi\/?post_type=product&#038;p=43807"},"modified":"2023-12-24T07:43:52","modified_gmt":"2023-12-24T05:43:52","slug":"ekub0561-muurmanni-1943-sa-sotapelikartta","status":"publish","type":"product","link":"https:\/\/www.radiomarket.fi\/en\/kohde\/ekub0561-muurmanni-1943-sa-sotapelikartta\/","title":{"rendered":"EKUB0561 Muurmanni 1943 SA-sotapelikartta"},"content":{"rendered":"<p>J\u00e4lkipainos 1970 koordinaattimerkinn\u00f6in. Koillinen Suomi, N.O. p\u00e5 svenska. Ryppyj\u00e4 ja pieni\u00e4 repe\u00e4mi\u00e4 sek\u00e4 likaa, katso kuvat tarkkaan ennen tilausta. Ei ter\u00e4vi\u00e4 taitoksia. Sotaleikkikartta toimitetaan rullattuna. #ww2 #rekvisiitta<\/p>","protected":false},"excerpt":{"rendered":"<p>J\u00e4lkipainos 1970 koordinaattimerkinn\u00f6in. Koillinen Suomi, N.O. p\u00e5 svenska. Ryppyj\u00e4 ja pieni\u00e4 repe\u00e4mi\u00e4 sek\u00e4 likaa, katso kuvat tarkkaan ennen tilausta. Ei ter\u00e4vi\u00e4 taitoksia. Sotaleikkikartta toimitetaan rullattuna. #ww2 #rekvisiitta<\/p>","protected":false},"featured_media":43809,"template":"","meta":[],"_links":{"self":[{"href":"https:\/\/www.radiomarket.fi\/en\/wp-json\/wp\/v2\/product\/43807"}],"collection":[{"href":"https:\/\/www.radiomarket.fi\/en\/wp-json\/wp\/v2\/product"}],"about":[{"href":"https:\/\/www.radiomarket.fi\/en\/wp-json\/wp\/v2\/types\/product"}],"wp:featuredmedia":[{"embeddable":true,"href":"https:\/\/www.radiomarket.fi\/en\/wp-json\/wp\/v2\/media\/43809"}],"wp:attachment":[{"href":"https:\/\/www.radiomarket.fi\/en\/wp-json\/wp\/v2\/media?parent=43807"}],"curies":[{"name":"wp","href":"https:\/\/api.w.org\/{rel}","templated":true}]}}