{"id":43812,"date":"2023-12-06T19:21:03","date_gmt":"2023-12-06T17:21:03","guid":{"rendered":"https:\/\/www.radiomarket.fi\/?post_type=product&#038;p=43812"},"modified":"2023-12-06T19:50:01","modified_gmt":"2023-12-06T17:50:01","slug":"ekub0560-hallin-lentokentta-peruskartta-1963","status":"publish","type":"product","link":"https:\/\/www.radiomarket.fi\/en\/kohde\/ekub0560-hallin-lentokentta-peruskartta-1963\/","title":{"rendered":"EKUB0560 Hallin lentokentt\u00e4 peruskartta 1963"},"content":{"rendered":"<p>Ryppyj\u00e4 ja pieni\u00e4 repe\u00e4mi\u00e4 sek\u00e4 likaa ja k\u00e4ytt\u00f6ajan teippauksia, katso kuvat tarkkaan ennen tilausta. Ei ter\u00e4vi\u00e4 taitoksia. Varjot ja v\u00e4rivaihtelut johtuvat kuvausolosuhteista.<\/p><p>Kartta toimitetaan rullattuna.<\/p>","protected":false},"excerpt":{"rendered":"<p>Ryppyj\u00e4 ja pieni\u00e4 repe\u00e4mi\u00e4 sek\u00e4 likaa ja k\u00e4ytt\u00f6ajan teippauksia, katso kuvat tarkkaan ennen tilausta. Ei ter\u00e4vi\u00e4 taitoksia. Varjot ja v\u00e4rivaihtelut johtuvat kuvausolosuhteista.Kartta toimitetaan rullattuna.<\/p>","protected":false},"featured_media":43816,"template":"","meta":[],"_links":{"self":[{"href":"https:\/\/www.radiomarket.fi\/en\/wp-json\/wp\/v2\/product\/43812"}],"collection":[{"href":"https:\/\/www.radiomarket.fi\/en\/wp-json\/wp\/v2\/product"}],"about":[{"href":"https:\/\/www.radiomarket.fi\/en\/wp-json\/wp\/v2\/types\/product"}],"wp:featuredmedia":[{"embeddable":true,"href":"https:\/\/www.radiomarket.fi\/en\/wp-json\/wp\/v2\/media\/43816"}],"wp:attachment":[{"href":"https:\/\/www.radiomarket.fi\/en\/wp-json\/wp\/v2\/media?parent=43812"}],"curies":[{"name":"wp","href":"https:\/\/api.w.org\/{rel}","templated":true}]}}