{"id":43826,"date":"2023-12-06T21:39:24","date_gmt":"2023-12-06T19:39:24","guid":{"rendered":"https:\/\/www.radiomarket.fi\/?post_type=product&#038;p=43826"},"modified":"2024-02-12T23:19:55","modified_gmt":"2024-02-12T21:19:55","slug":"ekum0557-povi-radioverkkokartta-1991","status":"publish","type":"product","link":"https:\/\/www.radiomarket.fi\/en\/kohde\/ekum0557-povi-radioverkkokartta-1991\/","title":{"rendered":"EKUM0557 Povi-radioverkkokartta 1991"},"content":{"rendered":"<p>Aikoinaan Skanneri-lehden Police Special -numeron v\u00e4liss\u00e4 oli poliisiradiokartta. N\u00e4m\u00e4 ovat viimeiset irtokappaleet, ehdoton somiste skannerivastaanotinker\u00e4ilij\u00e4n tai pankkirosvoelokuvan tekij\u00e4n sein\u00e4lle.<\/p><p>Kartta toimitetaan rullattuna.#rekvisiitta #poliisi<\/p>","protected":false},"excerpt":{"rendered":"<p>Aikoinaan Skanneri-lehden Police Special -numeron v\u00e4liss\u00e4 oli poliisiradiokartta. N\u00e4m\u00e4 ovat viimeiset irtokappaleet, ehdoton somiste skannerivastaanotinker\u00e4ilij\u00e4n tai pankkirosvoelokuvan tekij\u00e4n sein\u00e4lle.Kartta toimitetaan rullattuna.#rekvisiitta #poliisi<\/p>","protected":false},"featured_media":43827,"template":"","meta":[],"_links":{"self":[{"href":"https:\/\/www.radiomarket.fi\/en\/wp-json\/wp\/v2\/product\/43826"}],"collection":[{"href":"https:\/\/www.radiomarket.fi\/en\/wp-json\/wp\/v2\/product"}],"about":[{"href":"https:\/\/www.radiomarket.fi\/en\/wp-json\/wp\/v2\/types\/product"}],"wp:featuredmedia":[{"embeddable":true,"href":"https:\/\/www.radiomarket.fi\/en\/wp-json\/wp\/v2\/media\/43827"}],"wp:attachment":[{"href":"https:\/\/www.radiomarket.fi\/en\/wp-json\/wp\/v2\/media?parent=43826"}],"curies":[{"name":"wp","href":"https:\/\/api.w.org\/{rel}","templated":true}]}}