{"id":43828,"date":"2023-12-06T22:45:33","date_gmt":"2023-12-06T20:45:33","guid":{"rendered":"https:\/\/www.radiomarket.fi\/?post_type=product&#038;p=43828"},"modified":"2023-12-08T10:20:58","modified_gmt":"2023-12-08T08:20:58","slug":"ekum0558-kartta-ylen-sotatilannekatsauksia-varten","status":"publish","type":"product","link":"https:\/\/www.radiomarket.fi\/en\/kohde\/ekum0558-kartta-ylen-sotatilannekatsauksia-varten\/","title":{"rendered":"EKUM0558 kartta Ylen sotatilannekatsauksia varten"},"content":{"rendered":"<p>Kopio Jatkosodan aikaisesta sotatilannekartasta, mukana kopioituneet sen aikaiset k\u00e4rp\u00e4sen kakatkin. Kartoja myytiin erityisesti radiokuuntelijoiden k\u00e4ytt\u00f6\u00f6n. Hyv\u00e4kuntoinen j\u00e4ljenn\u00f6s.<\/p><p>Kartta toimitetaan rullattuna.<\/p><p>#rekvisiitta<\/p>","protected":false},"excerpt":{"rendered":"<p>Kopio Jatkosodan aikaisesta sotatilannekartasta, mukana kopioituneet sen aikaiset k\u00e4rp\u00e4sen kakatkin. Kartoja myytiin erityisesti radiokuuntelijoiden k\u00e4ytt\u00f6\u00f6n. Hyv\u00e4kuntoinen j\u00e4ljenn\u00f6s.Kartta toimitetaan rullattuna.#rekvisiitta<\/p>","protected":false},"featured_media":43831,"template":"","meta":[],"_links":{"self":[{"href":"https:\/\/www.radiomarket.fi\/en\/wp-json\/wp\/v2\/product\/43828"}],"collection":[{"href":"https:\/\/www.radiomarket.fi\/en\/wp-json\/wp\/v2\/product"}],"about":[{"href":"https:\/\/www.radiomarket.fi\/en\/wp-json\/wp\/v2\/types\/product"}],"wp:featuredmedia":[{"embeddable":true,"href":"https:\/\/www.radiomarket.fi\/en\/wp-json\/wp\/v2\/media\/43831"}],"wp:attachment":[{"href":"https:\/\/www.radiomarket.fi\/en\/wp-json\/wp\/v2\/media?parent=43828"}],"curies":[{"name":"wp","href":"https:\/\/api.w.org\/{rel}","templated":true}]}}