{"id":43840,"date":"2023-12-08T10:41:55","date_gmt":"2023-12-08T08:41:55","guid":{"rendered":"https:\/\/www.radiomarket.fi\/?post_type=product&#038;p=43840"},"modified":"2025-02-16T19:07:58","modified_gmt":"2025-02-16T17:07:58","slug":"ekum0559-ketjulomake-a4-pysty-valkoinen-kansioreiityksella-laatikollinen","status":"publish","type":"product","link":"https:\/\/www.radiomarket.fi\/en\/kohde\/ekum0559-ketjulomake-a4-pysty-valkoinen-kansioreiityksella-laatikollinen\/","title":{"rendered":"EKUM0559 ketjulomake A4 pysty valkoinen kansiorei&#8217;ityksell\u00e4 laatikollinen"},"content":{"rendered":"<p>ATK-jatkolomake A4. Vakioleveys A4-arkille. Irroitettava ketjuraita molemmin puolin perforoinnilla. Kansiorei&#8217;itys, toinen puoli t\u00e4ysin valkoinen, toisella puolen reunassa vaaleansininen logopainatus Raflatac. Myyntier\u00e4ss\u00e4 reilu 20 cm. Voidaan pyynn\u00f6st\u00e4 myyd\u00e4 kirjepostina kulkeva m\u00e4\u00e4r\u00e4 eli kirjekuorineen kolme cm paksuudelta hintaan 9 euroa postikuluineen.<\/p>","protected":false},"excerpt":{"rendered":"<p>ATK-jatkolomake A4. Vakioleveys A4-arkille. Irroitettava ketjuraita molemmin puolin perforoinnilla. Kansiorei&#8217;itys, toinen puoli t\u00e4ysin valkoinen, toisella puolen reunassa vaaleansininen logopainatus Raflatac. Myyntier\u00e4ss\u00e4 reilu 20 cm. Voidaan pyynn\u00f6st\u00e4 myyd\u00e4 kirjepostina kulkeva m\u00e4\u00e4r\u00e4 eli kirjekuorineen kolme cm paksuudelta hintaan 9 euroa postikuluineen.<\/p>","protected":false},"featured_media":43885,"template":"","meta":[],"_links":{"self":[{"href":"https:\/\/www.radiomarket.fi\/en\/wp-json\/wp\/v2\/product\/43840"}],"collection":[{"href":"https:\/\/www.radiomarket.fi\/en\/wp-json\/wp\/v2\/product"}],"about":[{"href":"https:\/\/www.radiomarket.fi\/en\/wp-json\/wp\/v2\/types\/product"}],"wp:featuredmedia":[{"embeddable":true,"href":"https:\/\/www.radiomarket.fi\/en\/wp-json\/wp\/v2\/media\/43885"}],"wp:attachment":[{"href":"https:\/\/www.radiomarket.fi\/en\/wp-json\/wp\/v2\/media?parent=43840"}],"curies":[{"name":"wp","href":"https:\/\/api.w.org\/{rel}","templated":true}]}}