{"id":43909,"date":"2025-07-07T13:01:10","date_gmt":"2025-07-07T10:01:10","guid":{"rendered":"https:\/\/www.radiomarket.fi\/?post_type=product&#038;p=43909"},"modified":"2025-07-07T13:13:53","modified_gmt":"2025-07-07T10:13:53","slug":"ekum3058-pelikortit-passinpaa-farskalle-kaupan-paalle","status":"publish","type":"product","link":"https:\/\/www.radiomarket.fi\/en\/kohde\/ekum3058-pelikortit-passinpaa-farskalle-kaupan-paalle\/","title":{"rendered":"EKUM3058 Pelikortit p\u00e4ssinp\u00e4\u00e4 f\u00e5rskalle"},"content":{"rendered":"<p>Yksin\u00e4\u00e4n ostettuna myyd\u00e4\u00e4n hintaan \u20ac1.99 + toimituskulut kirjetoimituksen mukaan (\u20ac4.00 vuoden 2025 hinnaston mukaan).\u00a0<br \/><br \/>Muun tilauksen ohessa tuotteen lis\u00e4\u00e4minen ostoskoriin nostaa toimituskulua vain \u20ac0.10 sentill\u00e4 (kuten muutkin kirjetoimitustuotteemme).<br \/><br \/><br \/><\/p>","protected":false},"excerpt":{"rendered":"<p>Yksin\u00e4\u00e4n ostettuna myyd\u00e4\u00e4n hintaan \u20ac1.99 + toimituskulut kirjetoimituksen mukaan (\u20ac4.00 vuoden 2025 hinnaston mukaan).\u00a0Muun tilauksen ohessa tuotteen lis\u00e4\u00e4minen ostoskoriin nostaa toimituskulua vain \u20ac0.10 sentill\u00e4 (kuten muutkin kirjetoimitustuotteemme).<\/p>","protected":false},"featured_media":43913,"template":"","meta":[],"_links":{"self":[{"href":"https:\/\/www.radiomarket.fi\/en\/wp-json\/wp\/v2\/product\/43909"}],"collection":[{"href":"https:\/\/www.radiomarket.fi\/en\/wp-json\/wp\/v2\/product"}],"about":[{"href":"https:\/\/www.radiomarket.fi\/en\/wp-json\/wp\/v2\/types\/product"}],"wp:featuredmedia":[{"embeddable":true,"href":"https:\/\/www.radiomarket.fi\/en\/wp-json\/wp\/v2\/media\/43913"}],"wp:attachment":[{"href":"https:\/\/www.radiomarket.fi\/en\/wp-json\/wp\/v2\/media?parent=43909"}],"curies":[{"name":"wp","href":"https:\/\/api.w.org\/{rel}","templated":true}]}}