{"id":43932,"date":"2023-12-12T20:29:47","date_gmt":"2023-12-12T18:29:47","guid":{"rendered":"https:\/\/www.radiomarket.fi\/?post_type=product&#038;p=43932"},"modified":"2023-12-12T20:30:20","modified_gmt":"2023-12-12T18:30:20","slug":"ekum7220-ilmailu-10-1994-lehti","status":"publish","type":"product","link":"https:\/\/www.radiomarket.fi\/en\/kohde\/ekum7220-ilmailu-10-1994-lehti\/","title":{"rendered":"EKUM7220 Ilmailu 10\/1994 -lehti"},"content":{"rendered":"<p>Ilmailu on alansa yleisaikakauslehti, joka painottuu harrasteilmailun eri lajeihin. Ilmailu-lehti on Suomen Ilmailuliiton j\u00e4senlehti eli ilmailua harrastavien lehti. Se on perustettu vuonna 1937.<br \/><br \/>Lehdet ovat k\u00e4ytettyj\u00e4 \/ kiert\u00e4neit\u00e4. Katso lis\u00e4\u00e4 Ilmailu-lehti\u00e4 galleriasta: https:\/\/www.radiomarket.fi\/?s=EKUM72&amp;product_cat=0&amp;post_type=product<br \/><br \/>Hakusanat: Suomen Ilmailuliitto<\/p>","protected":false},"excerpt":{"rendered":"<p>Kirjetoimitustuotteita kannattaa tilata useampi samalla kertaa, toimituskulut nousevat vain \u20ac0,10 per lis\u00e4tty tuote (v. 2024 hinnaston mukaan).<\/p>","protected":false},"featured_media":42868,"template":"","meta":[],"_links":{"self":[{"href":"https:\/\/www.radiomarket.fi\/en\/wp-json\/wp\/v2\/product\/43932"}],"collection":[{"href":"https:\/\/www.radiomarket.fi\/en\/wp-json\/wp\/v2\/product"}],"about":[{"href":"https:\/\/www.radiomarket.fi\/en\/wp-json\/wp\/v2\/types\/product"}],"wp:featuredmedia":[{"embeddable":true,"href":"https:\/\/www.radiomarket.fi\/en\/wp-json\/wp\/v2\/media\/42868"}],"wp:attachment":[{"href":"https:\/\/www.radiomarket.fi\/en\/wp-json\/wp\/v2\/media?parent=43932"}],"curies":[{"name":"wp","href":"https:\/\/api.w.org\/{rel}","templated":true}]}}