{"id":43933,"date":"2023-12-12T20:33:20","date_gmt":"2023-12-12T18:33:20","guid":{"rendered":"https:\/\/www.radiomarket.fi\/?post_type=product&#038;p=43933"},"modified":"2024-09-24T10:18:06","modified_gmt":"2024-09-24T07:18:06","slug":"ekus0265-philips-22rr482-19","status":"publish","type":"product","link":"https:\/\/www.radiomarket.fi\/en\/kohde\/ekus0265-philips-22rr482-19\/","title":{"rendered":"EKUS0265 Philips 22RR482\/19"},"content":{"rendered":"<p>Myyd\u00e4\u00e4n kokonaisuutena t\u00e4h\u00e4n hintaan tai harkinnan mukaan osina. Tilaa yksitt\u00e4inen varaosa s\u00e4hk\u00f6postilla.<\/p><p><br \/><strong>Ainakin seuraavat osat puuttuvat, rikki tai purettu:<\/strong><br \/><br \/>-takakansi puuttuu<br \/>-antenni puuttuu<br \/><br \/>Luetteloitu kuvien perusteella. Ei tutkittu tarkemmin, varmistathan tietojen oikeellisuuden myyj\u00e4lt\u00e4.<\/p>","protected":false},"excerpt":{"rendered":"<p>Myyd\u00e4\u00e4n kokonaisuutena t\u00e4h\u00e4n hintaan tai harkinnan mukaan osina. Tilaa yksitt\u00e4inen varaosa s\u00e4hk\u00f6postilla.Ainakin seuraavat osat puuttuvat, rikki tai purettu:-takakansi puuttuu-antenni puuttuuLuetteloitu kuvien perusteella. Ei tutkittu tarkemmin, varmistathan tietojen oikeellisuuden myyj\u00e4lt\u00e4.<\/p>","protected":false},"featured_media":43934,"template":"","meta":[],"_links":{"self":[{"href":"https:\/\/www.radiomarket.fi\/en\/wp-json\/wp\/v2\/product\/43933"}],"collection":[{"href":"https:\/\/www.radiomarket.fi\/en\/wp-json\/wp\/v2\/product"}],"about":[{"href":"https:\/\/www.radiomarket.fi\/en\/wp-json\/wp\/v2\/types\/product"}],"wp:featuredmedia":[{"embeddable":true,"href":"https:\/\/www.radiomarket.fi\/en\/wp-json\/wp\/v2\/media\/43934"}],"wp:attachment":[{"href":"https:\/\/www.radiomarket.fi\/en\/wp-json\/wp\/v2\/media?parent=43933"}],"curies":[{"name":"wp","href":"https:\/\/api.w.org\/{rel}","templated":true}]}}