{"id":43937,"date":"2023-12-12T20:39:46","date_gmt":"2023-12-12T18:39:46","guid":{"rendered":"https:\/\/www.radiomarket.fi\/?post_type=product&#038;p=43937"},"modified":"2023-12-12T20:48:49","modified_gmt":"2023-12-12T18:48:49","slug":"ekus0266-asa","status":"publish","type":"product","link":"https:\/\/www.radiomarket.fi\/en\/kohde\/ekus0266-asa\/","title":{"rendered":"EKUS0266 ASA 700-sarja puretaan"},"content":{"rendered":"<p>Myyd\u00e4\u00e4n kokonaisuutena t\u00e4h\u00e4n hintaan tai harkinnan mukaan osina. Tilaa yksitt\u00e4inen varaosa s\u00e4hk\u00f6postilla. Mahdollista varaosaa esimerkiksi kaiutinelementit (toimintaa ei testattu), kangas, muuntajat, logo, painonapit, j\u00e4ljell\u00e4 olevat nupit. Kokonaisuuden hinta t\u00e4st\u00e4 saatavien varaosien arvioitu k\u00f6ntt\u00e4hinta.<\/p><p><br \/><strong>Ainakin seuraavat osat puuttuvat, rikki tai purettu:<\/strong><br \/><br \/>-asteikkolasi rikki<br \/>-ei ulompia nuppeja<br \/>-ei takalevy\u00e4<br \/>-ei pohjalevy\u00e4<br \/>-ei putkia<br \/>-matalien \u00e4\u00e4nten s\u00e4vyns\u00e4\u00e4t\u00f6nuppi puuttuu<br \/>-ULA-purkkia purettu?<br \/><br \/>Luetteloitu kuvien perusteella. Ei tutkittu tarkemmin, varmistathan tietojen oikeellisuuden myyj\u00e4lt\u00e4.<\/p>","protected":false},"excerpt":{"rendered":"<p>Myyd\u00e4\u00e4n kokonaisuutena t\u00e4h\u00e4n hintaan tai harkinnan mukaan osina. Tilaa yksitt\u00e4inen varaosa s\u00e4hk\u00f6postilla. Mahdollista varaosaa esimerkiksi kaiutinelementit (toimintaa ei testattu), kangas, muuntajat, logo, painonapit, j\u00e4ljell\u00e4 olevat nupit. Kokonaisuuden hinta t\u00e4st\u00e4 saatavien varaosien arvioitu k\u00f6ntt\u00e4hinta.Ainakin seuraavat osat puuttuvat, rikki tai purettu:-asteikkolasi rikki-ei ulompia nuppeja-ei takalevy\u00e4-ei pohjalevy\u00e4-ei putkia-matalien \u00e4\u00e4nten s\u00e4vyns\u00e4\u00e4t\u00f6nuppi puuttuu-ULA-purkkia purettu?Luetteloitu kuvien perusteella. Ei tutkittu tarkemmin, varmistathan &hellip;<\/p>\n<p class=\"read-more\"> <a class=\"thunk-readmore button\" href=\"https:\/\/www.radiomarket.fi\/en\/kohde\/ekus0266-asa\/\"> <span class=\"screen-reader-text\">EKUS0266 ASA 700-sarja puretaan<\/span>Read More<\/a><\/p>","protected":false},"featured_media":43939,"template":"","meta":[],"_links":{"self":[{"href":"https:\/\/www.radiomarket.fi\/en\/wp-json\/wp\/v2\/product\/43937"}],"collection":[{"href":"https:\/\/www.radiomarket.fi\/en\/wp-json\/wp\/v2\/product"}],"about":[{"href":"https:\/\/www.radiomarket.fi\/en\/wp-json\/wp\/v2\/types\/product"}],"wp:featuredmedia":[{"embeddable":true,"href":"https:\/\/www.radiomarket.fi\/en\/wp-json\/wp\/v2\/media\/43939"}],"wp:attachment":[{"href":"https:\/\/www.radiomarket.fi\/en\/wp-json\/wp\/v2\/media?parent=43937"}],"curies":[{"name":"wp","href":"https:\/\/api.w.org\/{rel}","templated":true}]}}