{"id":43943,"date":"2023-12-12T20:49:08","date_gmt":"2023-12-12T18:49:08","guid":{"rendered":"https:\/\/www.radiomarket.fi\/?post_type=product&#038;p=43943"},"modified":"2023-12-12T20:55:40","modified_gmt":"2023-12-12T18:55:40","slug":"ekus0267-philips","status":"publish","type":"product","link":"https:\/\/www.radiomarket.fi\/en\/kohde\/ekus0267-philips\/","title":{"rendered":"EKUS0267 Philips"},"content":{"rendered":"<p>Myyd\u00e4\u00e4n kokonaisuutena t\u00e4h\u00e4n hintaan tai harkinnan mukaan osina. Tilaa yksitt\u00e4inen varaosa s\u00e4hk\u00f6postilla. Kaiutinelementti isolla magneetilla. Putket paikallaan.<\/p><p>&nbsp;<\/p><p><strong>Ainakin seuraavat osat puuttuvat, rikki tai purettu:<\/strong><br \/><br \/>-ei takalevy\u00e4<br \/>-ei asteikkolasia<br \/><br \/>Luetteloitu kuvien perusteella. Ei tutkittu tarkemmin, varmistathan tietojen oikeellisuuden myyj\u00e4lt\u00e4.<\/p>","protected":false},"excerpt":{"rendered":"<p>Myyd\u00e4\u00e4n kokonaisuutena t\u00e4h\u00e4n hintaan tai harkinnan mukaan osina. Tilaa yksitt\u00e4inen varaosa s\u00e4hk\u00f6postilla. Kaiutinelementti isolla magneetilla. Putket paikallaan.&nbsp;Ainakin seuraavat osat puuttuvat, rikki tai purettu:-ei takalevy\u00e4-ei asteikkolasiaLuetteloitu kuvien perusteella. Ei tutkittu tarkemmin, varmistathan tietojen oikeellisuuden myyj\u00e4lt\u00e4.<\/p>","protected":false},"featured_media":43944,"template":"","meta":[],"_links":{"self":[{"href":"https:\/\/www.radiomarket.fi\/en\/wp-json\/wp\/v2\/product\/43943"}],"collection":[{"href":"https:\/\/www.radiomarket.fi\/en\/wp-json\/wp\/v2\/product"}],"about":[{"href":"https:\/\/www.radiomarket.fi\/en\/wp-json\/wp\/v2\/types\/product"}],"wp:featuredmedia":[{"embeddable":true,"href":"https:\/\/www.radiomarket.fi\/en\/wp-json\/wp\/v2\/media\/43944"}],"wp:attachment":[{"href":"https:\/\/www.radiomarket.fi\/en\/wp-json\/wp\/v2\/media?parent=43943"}],"curies":[{"name":"wp","href":"https:\/\/api.w.org\/{rel}","templated":true}]}}