{"id":44056,"date":"2023-12-19T09:18:30","date_gmt":"2023-12-19T07:18:30","guid":{"rendered":"https:\/\/www.radiomarket.fi\/?post_type=product&#038;p=44056"},"modified":"2024-10-15T16:27:47","modified_gmt":"2024-10-15T13:27:47","slug":"ekum0564-uusi-suomi-20-2-1945-sanomalehti","status":"publish","type":"product","link":"https:\/\/www.radiomarket.fi\/en\/kohde\/ekum0564-uusi-suomi-20-2-1945-sanomalehti\/","title":{"rendered":"EKUM0564 Uusi Suomi 20.2.1945 sanomalehti"},"content":{"rendered":"<p>Lehte\u00e4 ei ole avattu viime vuosikymmenin\u00e4, kunto kohtuullinen. Kirjetoimitus. #ww2<\/p>","protected":false},"excerpt":{"rendered":"<p>Kirjetoimitustuotteita kannattaa tilata kerralla useampikin, sill\u00e4 lis\u00e4tuote lis\u00e4\u00e4 postimaksua vain 10 sentill\u00e4 (12\/2023 tilanteen mukaan, tarkista tilausta tehdess\u00e4si todellinen postimaksu).<\/p>","protected":false},"featured_media":44063,"template":"","meta":[],"_links":{"self":[{"href":"https:\/\/www.radiomarket.fi\/en\/wp-json\/wp\/v2\/product\/44056"}],"collection":[{"href":"https:\/\/www.radiomarket.fi\/en\/wp-json\/wp\/v2\/product"}],"about":[{"href":"https:\/\/www.radiomarket.fi\/en\/wp-json\/wp\/v2\/types\/product"}],"wp:featuredmedia":[{"embeddable":true,"href":"https:\/\/www.radiomarket.fi\/en\/wp-json\/wp\/v2\/media\/44063"}],"wp:attachment":[{"href":"https:\/\/www.radiomarket.fi\/en\/wp-json\/wp\/v2\/media?parent=44056"}],"curies":[{"name":"wp","href":"https:\/\/api.w.org\/{rel}","templated":true}]}}