{"id":44057,"date":"2023-12-19T12:14:45","date_gmt":"2023-12-19T10:14:45","guid":{"rendered":"https:\/\/www.radiomarket.fi\/?post_type=product&#038;p=44057"},"modified":"2024-02-09T13:53:53","modified_gmt":"2024-02-09T11:53:53","slug":"ekum3064-eb-teleterminaler-unitel-memo-300919-kayttoohje","status":"publish","type":"product","link":"https:\/\/www.radiomarket.fi\/en\/kohde\/ekum3064-eb-teleterminaler-unitel-memo-300919-kayttoohje\/","title":{"rendered":"EKUM3064 EB Teleterminaler UniTel Memo 300919 k\u00e4ytt\u00f6ohje"},"content":{"rendered":"<p>Valokopioitu k\u00e4ytt\u00f6ohje 6xA4, sopii puhelimeen EKUA2108.<\/p>","protected":false},"excerpt":{"rendered":"<p>Valokopioitu k\u00e4ytt\u00f6ohje 6xA4, sopii puhelimeen EKUA2108.<\/p>","protected":false},"featured_media":44058,"template":"","meta":[],"_links":{"self":[{"href":"https:\/\/www.radiomarket.fi\/en\/wp-json\/wp\/v2\/product\/44057"}],"collection":[{"href":"https:\/\/www.radiomarket.fi\/en\/wp-json\/wp\/v2\/product"}],"about":[{"href":"https:\/\/www.radiomarket.fi\/en\/wp-json\/wp\/v2\/types\/product"}],"wp:featuredmedia":[{"embeddable":true,"href":"https:\/\/www.radiomarket.fi\/en\/wp-json\/wp\/v2\/media\/44058"}],"wp:attachment":[{"href":"https:\/\/www.radiomarket.fi\/en\/wp-json\/wp\/v2\/media?parent=44057"}],"curies":[{"name":"wp","href":"https:\/\/api.w.org\/{rel}","templated":true}]}}