{"id":44155,"date":"2023-12-21T21:31:56","date_gmt":"2023-12-21T19:31:56","guid":{"rendered":"https:\/\/www.radiomarket.fi\/?post_type=product&#038;p=44155"},"modified":"2024-10-15T16:31:37","modified_gmt":"2024-10-15T13:31:37","slug":"ekum0572-uusi-suomi-29-1-1945-sanomalehti","status":"publish","type":"product","link":"https:\/\/www.radiomarket.fi\/en\/kohde\/ekum0572-uusi-suomi-29-1-1945-sanomalehti\/","title":{"rendered":"EKUM0572 Uusi Suomi 29.1.1945 sanomalehti"},"content":{"rendered":"<p>Lehte\u00e4 ei ole avattu viime vuosikymmenin\u00e4, kunto kohtuullinen. Kirjetoimitus. #ww2<\/p>","protected":false},"excerpt":{"rendered":"<p>Kirjetoimitustuotteita kannattaa tilata kerralla useampikin, sill\u00e4 lis\u00e4tuote lis\u00e4\u00e4 postimaksua vain 10 sentill\u00e4 (12\/2023 tilanteen mukaan, tarkista tilausta tehdess\u00e4si todellinen postimaksu).<\/p>","protected":false},"featured_media":44156,"template":"","meta":[],"_links":{"self":[{"href":"https:\/\/www.radiomarket.fi\/en\/wp-json\/wp\/v2\/product\/44155"}],"collection":[{"href":"https:\/\/www.radiomarket.fi\/en\/wp-json\/wp\/v2\/product"}],"about":[{"href":"https:\/\/www.radiomarket.fi\/en\/wp-json\/wp\/v2\/types\/product"}],"wp:featuredmedia":[{"embeddable":true,"href":"https:\/\/www.radiomarket.fi\/en\/wp-json\/wp\/v2\/media\/44156"}],"wp:attachment":[{"href":"https:\/\/www.radiomarket.fi\/en\/wp-json\/wp\/v2\/media?parent=44155"}],"curies":[{"name":"wp","href":"https:\/\/api.w.org\/{rel}","templated":true}]}}