{"id":44157,"date":"2023-12-22T21:34:41","date_gmt":"2023-12-22T19:34:41","guid":{"rendered":"https:\/\/www.radiomarket.fi\/?post_type=product&#038;p=44157"},"modified":"2024-10-15T16:33:27","modified_gmt":"2024-10-15T13:33:27","slug":"ekum0573-uusi-suomi-9-2-1945-sanomalehti","status":"publish","type":"product","link":"https:\/\/www.radiomarket.fi\/en\/kohde\/ekum0573-uusi-suomi-9-2-1945-sanomalehti\/","title":{"rendered":"EKUM0573 Uusi Suomi 9.2.1945 sanomalehti"},"content":{"rendered":"<p>Lehte\u00e4 ei ole avattu viime vuosikymmenin\u00e4, kunto kohtuullinen. Kirjetoimitus. #ww2<br \/><br \/>Lis\u00e4\u00e4 Uusi Suomi -sanomalehti\u00e4 l\u00f6ytyy haulla: https:\/\/www.radiomarket.fi\/?s=uusi+suomi+&amp;product_cat=0&amp;post_type=product<\/p>","protected":false},"excerpt":{"rendered":"<p>Kirjetoimitustuotteita kannattaa tilata kerralla useampikin, sill\u00e4 lis\u00e4tuote lis\u00e4\u00e4 postimaksua vain 10 sentill\u00e4 (12\/2023 tilanteen mukaan, tarkista tilausta tehdess\u00e4si todellinen postimaksu).<\/p>","protected":false},"featured_media":44158,"template":"","meta":[],"_links":{"self":[{"href":"https:\/\/www.radiomarket.fi\/en\/wp-json\/wp\/v2\/product\/44157"}],"collection":[{"href":"https:\/\/www.radiomarket.fi\/en\/wp-json\/wp\/v2\/product"}],"about":[{"href":"https:\/\/www.radiomarket.fi\/en\/wp-json\/wp\/v2\/types\/product"}],"wp:featuredmedia":[{"embeddable":true,"href":"https:\/\/www.radiomarket.fi\/en\/wp-json\/wp\/v2\/media\/44158"}],"wp:attachment":[{"href":"https:\/\/www.radiomarket.fi\/en\/wp-json\/wp\/v2\/media?parent=44157"}],"curies":[{"name":"wp","href":"https:\/\/api.w.org\/{rel}","templated":true}]}}