{"id":44199,"date":"2023-12-23T13:38:49","date_gmt":"2023-12-23T11:38:49","guid":{"rendered":"https:\/\/www.radiomarket.fi\/?post_type=product&#038;p=44199"},"modified":"2024-01-07T19:15:06","modified_gmt":"2024-01-07T17:15:06","slug":"ekum3071-technics-rak-sc304w-kaukosaadin","status":"publish","type":"product","link":"https:\/\/www.radiomarket.fi\/en\/kohde\/ekum3071-technics-rak-sc304w-kaukosaadin\/","title":{"rendered":"EKUM3071 Technics RAK-SC304W kaukos\u00e4\u00e4din"},"content":{"rendered":"<p>Testattu radion toimintojen osalta 12\/2023. Ohjaa ainakin laitetta EKUM3072 Technics ST-X302L. Luultavasti sopii my\u00f6s laitteisiin SU-X102 ja SH-E51, koska em. kolmea laitetta on myyty yhten\u00e4 settin\u00e4. Paristot eiv\u00e4t sis\u00e4lly kauppaan. Ei tutkittu tarkemmin.<\/p>","protected":false},"excerpt":{"rendered":"<p>Testattu radion toimintojen osalta 12\/2023. Ohjaa ainakin laitetta EKUM3072 Technics ST-X302L. Luultavasti sopii my\u00f6s laitteisiin SU-X102 ja SH-E51, koska em. kolmea laitetta on myyty yhten\u00e4 settin\u00e4. Paristot eiv\u00e4t sis\u00e4lly kauppaan. Ei tutkittu tarkemmin.<\/p>","protected":false},"featured_media":44201,"template":"","meta":[],"_links":{"self":[{"href":"https:\/\/www.radiomarket.fi\/en\/wp-json\/wp\/v2\/product\/44199"}],"collection":[{"href":"https:\/\/www.radiomarket.fi\/en\/wp-json\/wp\/v2\/product"}],"about":[{"href":"https:\/\/www.radiomarket.fi\/en\/wp-json\/wp\/v2\/types\/product"}],"wp:featuredmedia":[{"embeddable":true,"href":"https:\/\/www.radiomarket.fi\/en\/wp-json\/wp\/v2\/media\/44201"}],"wp:attachment":[{"href":"https:\/\/www.radiomarket.fi\/en\/wp-json\/wp\/v2\/media?parent=44199"}],"curies":[{"name":"wp","href":"https:\/\/api.w.org\/{rel}","templated":true}]}}